{"id":54548,"date":"2022-07-13T14:25:31","date_gmt":"2022-07-13T12:25:31","guid":{"rendered":"https:\/\/biemar.be\/einen-termin-vereinbaren\/"},"modified":"2026-01-29T10:40:30","modified_gmt":"2026-01-29T09:40:30","slug":"einen-termin-vereinbaren","status":"publish","type":"page","link":"https:\/\/biemar.be\/de\/einen-termin-vereinbaren\/","title":{"rendered":"Einen Termin vereinbaren"},"content":{"rendered":"\n<p>M\u00f6chten Sie Informationen \u00fcber unsere verschiedenen Produktreihen oder \u00fcber ein bestimmtes Produkt erhalten? Vereinbaren Sie einen Termin bei Biemar Holz und lassen Sie sich besonders professionell beraten. Sie haben ein Projekt und m\u00f6chten einen kostenlosen Kostenvoranschlag erhalten? Unser Team begleitet Sie, um Ihre Bed\u00fcrfnisse zu kl\u00e4ren, L\u00f6sungen zu vergleichen und effizient voranzukommen.   <\/p>\n\n<p>Wie beantragen Sie Ihren Biemar Holz Termin?<\/p>\n\n<ol class=\"wp-block-list\">\n<li>W\u00e4hlen Sie Ihre Einrichtung: Malmedy oder Soumagne.<\/li>\n\n\n\n<li>W\u00e4hlen Sie die entsprechende Abteilung aus: Holz, Paneele, T\u00fcren, Parkett-Lambris, Fassadenverkleidung-Terrasse-Garten, Zimmermannsarbeiten - Dachdeckerarbeiten - Isolierung, Fertigstellung, Eisenwaren.<\/li>\n\n\n\n<li>Beschreiben Sie Ihre Anfrage (genaues Produkt, Abmessungen, Menge, Verwendungszweck, Einschr\u00e4nkungen durch die Baustelle).<\/li>\n\n\n\n<li>F\u00fcgen Sie bei Bedarf einen Anhang hinzu (Foto, Skizze, Zeichnung, Produktreferenz), um Zeit zu sparen und eine genauere Antwort zu erhalten.<\/li>\n<\/ol>\n\n<p>Warum sollten Sie einen Termin bei Biemar Bois vereinbaren?<\/p>\n\n<ul class=\"wp-block-list\">\n<li>Um bei der Wahl einer geeigneten L\u00f6sung (Technik, \u00c4sthetik, Budget) angeleitet zu werden.<\/li>\n\n\n\n<li>Um die Kompatibilit\u00e4t der Produkte zu \u00fcberpr\u00fcfen und Fehlbestellungen zu vermeiden.<\/li>\n\n\n\n<li>Um einen klaren Kostenvoranschlag vorzubereiten, der auf Ihrem tats\u00e4chlichen Projekt basiert.<\/li>\n<\/ul>\n\n<p>Brauchen Sie Hilfe vor Ihrem Biemar Holz Termin?<br\/>Wenn sich Ihre Anfrage auf ein Produkt bezieht, geben Sie die Artikelnummer, die Abmessungen und den Verwendungszweck an. Wenn es sich um ein Gesamtprojekt handelt, teilen Sie Ihre Ziele mit (innen\/au\u00dfen, Fertigstellung, Termine). Je vollst\u00e4ndiger die Informationen sind, desto effektiver wird der Austausch beim Termin sein.  <\/p>\n\n<p>CTA <br\/>\u2192 Produkte:<a href=\"https:\/\/biemar.be\/de\/produkte\/\"> \/produkte\/<\/a><br\/>\u2192 Eshop: https:\/\/webshop.biemar.be\/fr\/categories\/<br\/><a href=\"https:\/\/webshop.biemar.be\/fr\/categories\/\">\u2192<\/a> \u00d6ffnungszeiten: <a href=\"https:\/\/biemar.be\/de\/die-promos-biemar-bois\/#horaires\">\/\u00f6ffnungszeiten\/<\/a><br\/>\u2192 Kundendienst: <a href=\"https:\/\/biemar.be\/de\/service-nach-dem-verkauf\/\">\/service-apres-vente\/<\/a><\/p>\n","protected":false},"excerpt":{"rendered":"<p>M\u00f6chten Sie Informationen \u00fcber unsere verschiedenen Produktreihen oder \u00fcber ein bestimmtes Produkt erhalten? Vereinbaren Sie einen Termin bei Biemar Holz und lassen Sie sich besonders professionell beraten. Sie haben ein Projekt und m\u00f6chten einen kostenlosen Kostenvoranschlag erhalten? Unser Team begleitet Sie, um Ihre Bed\u00fcrfnisse zu kl\u00e4ren, L\u00f6sungen zu vergleichen und effizient voranzukommen. Wie beantragen Sie [&hellip;]<\/p>\n","protected":false},"author":1,"featured_media":0,"parent":0,"menu_order":0,"comment_status":"closed","ping_status":"closed","template":"rdv.php","meta":{"_acf_changed":false,"footnotes":""},"class_list":["post-54548","page","type-page","status-publish","hentry"],"acf":[],"yoast_head":"<!-- This site is optimized with the Yoast SEO plugin v27.3 - https:\/\/yoast.com\/product\/yoast-seo-wordpress\/ -->\n<title>Rendez-vous Biemar Bois | Professionelle Beratung &amp; kostenloses Angebot<\/title>\n<meta name=\"description\" content=\"Vereinbaren Sie einen Termin bei Biemar Bois, um eine besonders professionelle Beratung zu unseren Produktreihen oder einem bestimmten Produkt zu erhalten und einen kostenlosen Kostenvoranschlag in Malmedy oder Soumagne zu erhalten.\" \/>\n<meta name=\"robots\" content=\"index, follow, max-snippet:-1, max-image-preview:large, max-video-preview:-1\" \/>\n<link rel=\"canonical\" href=\"https:\/\/biemar.be\/de\/einen-termin-vereinbaren\/\" \/>\n<meta property=\"og:locale\" content=\"de_DE\" \/>\n<meta property=\"og:type\" content=\"article\" \/>\n<meta property=\"og:title\" content=\"Rendez-vous Biemar Bois | Professionelle Beratung &amp; kostenloses Angebot\" \/>\n<meta property=\"og:description\" content=\"Vereinbaren Sie einen Termin bei Biemar Bois, um eine besonders professionelle Beratung zu unseren Produktreihen oder einem bestimmten Produkt zu erhalten und einen kostenlosen Kostenvoranschlag in Malmedy oder Soumagne zu erhalten.\" \/>\n<meta property=\"og:url\" content=\"https:\/\/biemar.be\/de\/einen-termin-vereinbaren\/\" \/>\n<meta property=\"og:site_name\" content=\"Biemar Bois\" \/>\n<meta property=\"article:publisher\" content=\"https:\/\/www.facebook.com\/BiemarBois\" \/>\n<meta property=\"article:modified_time\" content=\"2026-01-29T09:40:30+00:00\" \/>\n<meta name=\"twitter:card\" content=\"summary_large_image\" \/>\n<meta name=\"twitter:label1\" content=\"Gesch\u00e4tzte Lesezeit\" \/>\n\t<meta name=\"twitter:data1\" content=\"1\u00a0Minute\" \/>\n<script type=\"application\/ld+json\" class=\"yoast-schema-graph\">{\"@context\":\"https:\\\/\\\/schema.org\",\"@graph\":[{\"@type\":\"WebPage\",\"@id\":\"https:\\\/\\\/biemar.be\\\/de\\\/einen-termin-vereinbaren\\\/\",\"url\":\"https:\\\/\\\/biemar.be\\\/de\\\/einen-termin-vereinbaren\\\/\",\"name\":\"Rendez-vous Biemar Bois | Professionelle Beratung & kostenloses Angebot\",\"isPartOf\":{\"@id\":\"https:\\\/\\\/biemar.be\\\/#website\"},\"datePublished\":\"2022-07-13T12:25:31+00:00\",\"dateModified\":\"2026-01-29T09:40:30+00:00\",\"description\":\"Vereinbaren Sie einen Termin bei Biemar Bois, um eine besonders professionelle Beratung zu unseren Produktreihen oder einem bestimmten Produkt zu erhalten und einen kostenlosen Kostenvoranschlag in Malmedy oder Soumagne zu erhalten.\",\"inLanguage\":\"de\",\"potentialAction\":[{\"@type\":\"ReadAction\",\"target\":[\"https:\\\/\\\/biemar.be\\\/de\\\/einen-termin-vereinbaren\\\/\"]}]},{\"@type\":\"WebSite\",\"@id\":\"https:\\\/\\\/biemar.be\\\/#website\",\"url\":\"https:\\\/\\\/biemar.be\\\/\",\"name\":\"Biemar Bois\",\"description\":\"Des conseils particuli\u00e8rement pro\",\"publisher\":{\"@id\":\"https:\\\/\\\/biemar.be\\\/#organization\"},\"potentialAction\":[{\"@type\":\"SearchAction\",\"target\":{\"@type\":\"EntryPoint\",\"urlTemplate\":\"https:\\\/\\\/biemar.be\\\/?s={search_term_string}\"},\"query-input\":{\"@type\":\"PropertyValueSpecification\",\"valueRequired\":true,\"valueName\":\"search_term_string\"}}],\"inLanguage\":\"de\"},{\"@type\":\"Organization\",\"@id\":\"https:\\\/\\\/biemar.be\\\/#organization\",\"name\":\"Biemar Bois\",\"url\":\"https:\\\/\\\/biemar.be\\\/\",\"logo\":{\"@type\":\"ImageObject\",\"inLanguage\":\"de\",\"@id\":\"https:\\\/\\\/biemar.be\\\/#\\\/schema\\\/logo\\\/image\\\/\",\"url\":\"https:\\\/\\\/biemar.be\\\/wp-content\\\/uploads\\\/2024\\\/01\\\/cropped-fav.jpg\",\"contentUrl\":\"https:\\\/\\\/biemar.be\\\/wp-content\\\/uploads\\\/2024\\\/01\\\/cropped-fav.jpg\",\"width\":512,\"height\":512,\"caption\":\"Biemar Bois\"},\"image\":{\"@id\":\"https:\\\/\\\/biemar.be\\\/#\\\/schema\\\/logo\\\/image\\\/\"},\"sameAs\":[\"https:\\\/\\\/www.facebook.com\\\/BiemarBois\"]}]}<\/script>\n<!-- \/ Yoast SEO plugin. -->","yoast_head_json":{"title":"Rendez-vous Biemar Bois | Professionelle Beratung & kostenloses Angebot","description":"Vereinbaren Sie einen Termin bei Biemar Bois, um eine besonders professionelle Beratung zu unseren Produktreihen oder einem bestimmten Produkt zu erhalten und einen kostenlosen Kostenvoranschlag in Malmedy oder Soumagne zu erhalten.","robots":{"index":"index","follow":"follow","max-snippet":"max-snippet:-1","max-image-preview":"max-image-preview:large","max-video-preview":"max-video-preview:-1"},"canonical":"https:\/\/biemar.be\/de\/einen-termin-vereinbaren\/","og_locale":"de_DE","og_type":"article","og_title":"Rendez-vous Biemar Bois | Professionelle Beratung & kostenloses Angebot","og_description":"Vereinbaren Sie einen Termin bei Biemar Bois, um eine besonders professionelle Beratung zu unseren Produktreihen oder einem bestimmten Produkt zu erhalten und einen kostenlosen Kostenvoranschlag in Malmedy oder Soumagne zu erhalten.","og_url":"https:\/\/biemar.be\/de\/einen-termin-vereinbaren\/","og_site_name":"Biemar Bois","article_publisher":"https:\/\/www.facebook.com\/BiemarBois","article_modified_time":"2026-01-29T09:40:30+00:00","twitter_card":"summary_large_image","twitter_misc":{"Gesch\u00e4tzte Lesezeit":"1\u00a0Minute"},"schema":{"@context":"https:\/\/schema.org","@graph":[{"@type":"WebPage","@id":"https:\/\/biemar.be\/de\/einen-termin-vereinbaren\/","url":"https:\/\/biemar.be\/de\/einen-termin-vereinbaren\/","name":"Rendez-vous Biemar Bois | Professionelle Beratung & kostenloses Angebot","isPartOf":{"@id":"https:\/\/biemar.be\/#website"},"datePublished":"2022-07-13T12:25:31+00:00","dateModified":"2026-01-29T09:40:30+00:00","description":"Vereinbaren Sie einen Termin bei Biemar Bois, um eine besonders professionelle Beratung zu unseren Produktreihen oder einem bestimmten Produkt zu erhalten und einen kostenlosen Kostenvoranschlag in Malmedy oder Soumagne zu erhalten.","inLanguage":"de","potentialAction":[{"@type":"ReadAction","target":["https:\/\/biemar.be\/de\/einen-termin-vereinbaren\/"]}]},{"@type":"WebSite","@id":"https:\/\/biemar.be\/#website","url":"https:\/\/biemar.be\/","name":"Biemar Bois","description":"Des conseils particuli\u00e8rement pro","publisher":{"@id":"https:\/\/biemar.be\/#organization"},"potentialAction":[{"@type":"SearchAction","target":{"@type":"EntryPoint","urlTemplate":"https:\/\/biemar.be\/?s={search_term_string}"},"query-input":{"@type":"PropertyValueSpecification","valueRequired":true,"valueName":"search_term_string"}}],"inLanguage":"de"},{"@type":"Organization","@id":"https:\/\/biemar.be\/#organization","name":"Biemar Bois","url":"https:\/\/biemar.be\/","logo":{"@type":"ImageObject","inLanguage":"de","@id":"https:\/\/biemar.be\/#\/schema\/logo\/image\/","url":"https:\/\/biemar.be\/wp-content\/uploads\/2024\/01\/cropped-fav.jpg","contentUrl":"https:\/\/biemar.be\/wp-content\/uploads\/2024\/01\/cropped-fav.jpg","width":512,"height":512,"caption":"Biemar Bois"},"image":{"@id":"https:\/\/biemar.be\/#\/schema\/logo\/image\/"},"sameAs":["https:\/\/www.facebook.com\/BiemarBois"]}]}},"_links":{"self":[{"href":"https:\/\/biemar.be\/de\/wp-json\/wp\/v2\/pages\/54548","targetHints":{"allow":["GET"]}}],"collection":[{"href":"https:\/\/biemar.be\/de\/wp-json\/wp\/v2\/pages"}],"about":[{"href":"https:\/\/biemar.be\/de\/wp-json\/wp\/v2\/types\/page"}],"author":[{"embeddable":true,"href":"https:\/\/biemar.be\/de\/wp-json\/wp\/v2\/users\/1"}],"replies":[{"embeddable":true,"href":"https:\/\/biemar.be\/de\/wp-json\/wp\/v2\/comments?post=54548"}],"version-history":[{"count":0,"href":"https:\/\/biemar.be\/de\/wp-json\/wp\/v2\/pages\/54548\/revisions"}],"wp:attachment":[{"href":"https:\/\/biemar.be\/de\/wp-json\/wp\/v2\/media?parent=54548"}],"curies":[{"name":"wp","href":"https:\/\/api.w.org\/{rel}","templated":true}]}}