{"id":54544,"date":"2022-07-13T14:59:14","date_gmt":"2022-07-13T12:59:14","guid":{"rendered":"https:\/\/biemar.be\/kataloge\/"},"modified":"2026-01-29T11:08:09","modified_gmt":"2026-01-29T10:08:09","slug":"kataloge","status":"publish","type":"page","link":"https:\/\/biemar.be\/de\/kataloge\/","title":{"rendered":"Kataloge"},"content":{"rendered":"\n<h2 class=\"wp-block-heading\">BIEMAR-KATALOGE<\/h2>\n\n<p>Willkommen auf der Seite &#8222;biemar Kataloge&#8220;. Hier k\u00f6nnen Sie unsere Kataloge, die nach Welten geordnet sind, ansehen und herunterladen. So finden Sie schnell die n\u00fctzlichen Informationen (Produktreihen, Inspirationen, L\u00f6sungen und Referenzen) f\u00fcr Ihr Projekt. <\/p>\n\n<h2 class=\"wp-block-heading\">Direkter Zugang :<\/h2>\n\n<figure class=\"wp-block-embed is-type-wp-embed is-provider-biemar-bois wp-block-embed-biemar-bois\"><div class=\"wp-block-embed__wrapper\">\n<blockquote class=\"wp-embedded-content\" data-secret=\"uB3dxgJblD\"><a href=\"https:\/\/biemar.be\/catalogues-biemar-bois\/\">Catalogues<\/a><\/blockquote><iframe class=\"wp-embedded-content\" sandbox=\"allow-scripts\" security=\"restricted\" style=\"position: absolute; visibility: hidden;\" title=\"&#8222;Catalogues&#8220; &#8211; Biemar Bois\" src=\"https:\/\/biemar.be\/catalogues-biemar-bois\/embed\/#?secret=CoYQOMjRz9#?secret=uB3dxgJblD\" data-secret=\"uB3dxgJblD\" width=\"600\" height=\"338\" frameborder=\"0\" marginwidth=\"0\" marginheight=\"0\" scrolling=\"no\"><\/iframe>\n<\/div><\/figure>\n\n<h2 class=\"wp-block-heading\">PRODUKTKATALOGE ZUM HERUNTERLADEN<\/h2>\n\n<p>- Lagert\u00fcren<\/p>\n\n<p>- Lagerterrassen<\/p>\n\n<p>- Akustische Korrektur<\/p>\n\n<p>- Terrasse &amp; Garten<\/p>\n\n<p>- Holzrahmen<\/p>\n\n<p>- Lagerverblendung<\/p>\n\n<p>- Verkleidung &amp; Fassade<\/p>\n\n<p>- Ausgestellte Palisaden<\/p>\n\n<p>- Isolierung<\/p>\n\n<p>- D\u00e4cher<\/p>\n\n<p>- Decke und T\u00e4felung<\/p>\n\n<p>- Parkett &amp; Lagerboden<\/p>\n\n<p>- Parkett \/ Boden<\/p>\n\n<p>- Innent\u00fcren<\/p>\n\n<p>- Vollendung<\/p>\n\n<p>- Bearbeitung von Platten<\/p>\n\n<p>- Paneele<\/p>\n\n<p>- Massivholz<\/p>\n\n<h2 class=\"wp-block-heading\">KATALOGE F\u00dcR HARDWARE ZUM HERUNTERLADEN<\/h2>\n\n<p>- T\u00fcrgriffe<\/p>\n\n<p>- Tischbeine aus Stahl<\/p>\n\n<p>- Griffwerk<\/p>\n\n<p>- Schrauben - Schrauben<\/p>\n\n<p>- LEGRABOX<\/p>\n\n<p>- Einkaufssysteme<\/p>\n\n<p>- Werkzeuge f\u00fcr Dachdecker<\/p>\n\n<p>- Ankleide<\/p>\n\n<p>- LED-Katalog<\/p>\n\n<p>- LED - Steuerungssysteme<\/p>\n\n<h2 class=\"wp-block-heading\">BRAUCHEN SIE HILFE BEI DER AUSWAHL DES RICHTIGEN KATALOGS?<\/h2>\n\n<p>Wenn Sie zwischen mehreren Produktreihen schwanken, pr\u00e4zisieren Sie Ihren Bedarf (Verwendungszweck, Abmessungen, Stil, Innen-\/Au\u00dfenbereich) \u00fcber die Seite Kontakt: Wir werden Sie zum richtigen biemar-Katalog und zur passendsten L\u00f6sung f\u00fchren.<\/p>\n\n<h2 class=\"wp-block-heading\">N\u00dcTZLICHE LINKS<\/h2>\n\n<p>\u2192 Produkte: https: <a href=\"https:\/\/biemar.be\/de\/produkte\/\" target=\"_blank\" rel=\"noreferrer noopener\">\/\/biemar.be\/produits\/<\/a><\/p>\n\n<p>\u2192 Einen Termin vereinbaren: https: <a href=\"https:\/\/biemar.be\/de\/einen-termin-vereinbaren\/\" target=\"_blank\" rel=\"noreferrer noopener\">\/\/biemar.be\/prendre-un-rendez-vous\/<\/a><\/p>\n\n<p>\u2192 FAQ: https:\/\/biemar.be\/faq <a href=\"https:\/\/biemar.be\/de\/faq\/\" target=\"_blank\" rel=\"noreferrer noopener\">\/<\/a><\/p>\n\n<p>\u2192 Kundendienst: https: <a href=\"https:\/\/biemar.be\/de\/service-nach-dem-verkauf\/\" target=\"_blank\" rel=\"noreferrer noopener\">\/\/biemar.be\/service-apres-vente\/<\/a><\/p>\n","protected":false},"excerpt":{"rendered":"<p>BIEMAR-KATALOGE Willkommen auf der Seite &#8222;biemar Kataloge&#8220;. Hier k\u00f6nnen Sie unsere Kataloge, die nach Welten geordnet sind, ansehen und herunterladen. So finden Sie schnell die n\u00fctzlichen Informationen (Produktreihen, Inspirationen, L\u00f6sungen und Referenzen) f\u00fcr Ihr Projekt. Direkter Zugang : PRODUKTKATALOGE ZUM HERUNTERLADEN - Lagert\u00fcren - Lagerterrassen - Akustische Korrektur - Terrasse &amp; Garten - Holzrahmen - [&hellip;]<\/p>\n","protected":false},"author":1,"featured_media":54545,"parent":0,"menu_order":0,"comment_status":"closed","ping_status":"closed","template":"catalogues.php","meta":{"_acf_changed":false,"footnotes":""},"class_list":["post-54544","page","type-page","status-publish","has-post-thumbnail","hentry"],"acf":[],"yoast_head":"<!-- This site is optimized with the Yoast SEO plugin v27.3 - https:\/\/yoast.com\/product\/yoast-seo-wordpress\/ -->\n<title>Biemar Kataloge | Downloads (Holz, Paneele, T\u00fcren,...)<\/title>\n<meta name=\"description\" content=\"Hier finden Sie die biemar Kataloge zum Herunterladen: T\u00fcren, Terrassen, Verkleidungen, D\u00e4mmung, D\u00e4cher, Parkett, Paneele, Massivholz und Eisenwaren-Kataloge.\" \/>\n<meta name=\"robots\" content=\"index, follow, max-snippet:-1, max-image-preview:large, max-video-preview:-1\" \/>\n<link rel=\"canonical\" href=\"https:\/\/biemar.be\/de\/kataloge\/\" \/>\n<meta property=\"og:locale\" content=\"de_DE\" \/>\n<meta property=\"og:type\" content=\"article\" \/>\n<meta property=\"og:title\" content=\"Biemar Kataloge | Downloads (Holz, Paneele, T\u00fcren,...)\" \/>\n<meta property=\"og:description\" content=\"Hier finden Sie die biemar Kataloge zum Herunterladen: T\u00fcren, Terrassen, Verkleidungen, D\u00e4mmung, D\u00e4cher, Parkett, Paneele, Massivholz und Eisenwaren-Kataloge.\" \/>\n<meta property=\"og:url\" content=\"https:\/\/biemar.be\/de\/kataloge\/\" \/>\n<meta property=\"og:site_name\" content=\"Biemar Bois\" \/>\n<meta property=\"article:publisher\" content=\"https:\/\/www.facebook.com\/BiemarBois\" \/>\n<meta property=\"article:modified_time\" content=\"2026-01-29T10:08:09+00:00\" \/>\n<meta property=\"og:image\" content=\"https:\/\/biemar.be\/wp-content\/uploads\/2024\/07\/Catalogue-Biemar-Ossature-en-bois.jpg\" \/>\n\t<meta property=\"og:image:width\" content=\"1348\" \/>\n\t<meta property=\"og:image:height\" content=\"1920\" \/>\n\t<meta property=\"og:image:type\" content=\"image\/jpeg\" \/>\n<meta name=\"twitter:card\" content=\"summary_large_image\" \/>\n<meta name=\"twitter:label1\" content=\"Gesch\u00e4tzte Lesezeit\" \/>\n\t<meta name=\"twitter:data1\" content=\"1\u00a0Minute\" \/>\n<script type=\"application\/ld+json\" class=\"yoast-schema-graph\">{\"@context\":\"https:\\\/\\\/schema.org\",\"@graph\":[{\"@type\":\"WebPage\",\"@id\":\"https:\\\/\\\/biemar.be\\\/de\\\/kataloge\\\/\",\"url\":\"https:\\\/\\\/biemar.be\\\/de\\\/kataloge\\\/\",\"name\":\"Biemar Kataloge | Downloads (Holz, Paneele, T\u00fcren,...)\",\"isPartOf\":{\"@id\":\"https:\\\/\\\/biemar.be\\\/#website\"},\"primaryImageOfPage\":{\"@id\":\"https:\\\/\\\/biemar.be\\\/de\\\/kataloge\\\/#primaryimage\"},\"image\":{\"@id\":\"https:\\\/\\\/biemar.be\\\/de\\\/kataloge\\\/#primaryimage\"},\"thumbnailUrl\":\"https:\\\/\\\/biemar.be\\\/wp-content\\\/uploads\\\/2024\\\/07\\\/Catalogue-Biemar-Ossature-en-bois.jpg\",\"datePublished\":\"2022-07-13T12:59:14+00:00\",\"dateModified\":\"2026-01-29T10:08:09+00:00\",\"description\":\"Hier finden Sie die biemar Kataloge zum Herunterladen: T\u00fcren, Terrassen, Verkleidungen, D\u00e4mmung, D\u00e4cher, Parkett, Paneele, Massivholz und Eisenwaren-Kataloge.\",\"inLanguage\":\"de\",\"potentialAction\":[{\"@type\":\"ReadAction\",\"target\":[\"https:\\\/\\\/biemar.be\\\/de\\\/kataloge\\\/\"]}]},{\"@type\":\"ImageObject\",\"inLanguage\":\"de\",\"@id\":\"https:\\\/\\\/biemar.be\\\/de\\\/kataloge\\\/#primaryimage\",\"url\":\"https:\\\/\\\/biemar.be\\\/wp-content\\\/uploads\\\/2024\\\/07\\\/Catalogue-Biemar-Ossature-en-bois.jpg\",\"contentUrl\":\"https:\\\/\\\/biemar.be\\\/wp-content\\\/uploads\\\/2024\\\/07\\\/Catalogue-Biemar-Ossature-en-bois.jpg\",\"width\":1348,\"height\":1920,\"caption\":\"Catalogue Biemar Ossature en bois\"},{\"@type\":\"WebSite\",\"@id\":\"https:\\\/\\\/biemar.be\\\/#website\",\"url\":\"https:\\\/\\\/biemar.be\\\/\",\"name\":\"Biemar Bois\",\"description\":\"Des conseils particuli\u00e8rement pro\",\"publisher\":{\"@id\":\"https:\\\/\\\/biemar.be\\\/#organization\"},\"potentialAction\":[{\"@type\":\"SearchAction\",\"target\":{\"@type\":\"EntryPoint\",\"urlTemplate\":\"https:\\\/\\\/biemar.be\\\/?s={search_term_string}\"},\"query-input\":{\"@type\":\"PropertyValueSpecification\",\"valueRequired\":true,\"valueName\":\"search_term_string\"}}],\"inLanguage\":\"de\"},{\"@type\":\"Organization\",\"@id\":\"https:\\\/\\\/biemar.be\\\/#organization\",\"name\":\"Biemar Bois\",\"url\":\"https:\\\/\\\/biemar.be\\\/\",\"logo\":{\"@type\":\"ImageObject\",\"inLanguage\":\"de\",\"@id\":\"https:\\\/\\\/biemar.be\\\/#\\\/schema\\\/logo\\\/image\\\/\",\"url\":\"https:\\\/\\\/biemar.be\\\/wp-content\\\/uploads\\\/2024\\\/01\\\/cropped-fav.jpg\",\"contentUrl\":\"https:\\\/\\\/biemar.be\\\/wp-content\\\/uploads\\\/2024\\\/01\\\/cropped-fav.jpg\",\"width\":512,\"height\":512,\"caption\":\"Biemar Bois\"},\"image\":{\"@id\":\"https:\\\/\\\/biemar.be\\\/#\\\/schema\\\/logo\\\/image\\\/\"},\"sameAs\":[\"https:\\\/\\\/www.facebook.com\\\/BiemarBois\"]}]}<\/script>\n<!-- \/ Yoast SEO plugin. -->","yoast_head_json":{"title":"Biemar Kataloge | Downloads (Holz, Paneele, T\u00fcren,...)","description":"Hier finden Sie die biemar Kataloge zum Herunterladen: T\u00fcren, Terrassen, Verkleidungen, D\u00e4mmung, D\u00e4cher, Parkett, Paneele, Massivholz und Eisenwaren-Kataloge.","robots":{"index":"index","follow":"follow","max-snippet":"max-snippet:-1","max-image-preview":"max-image-preview:large","max-video-preview":"max-video-preview:-1"},"canonical":"https:\/\/biemar.be\/de\/kataloge\/","og_locale":"de_DE","og_type":"article","og_title":"Biemar Kataloge | Downloads (Holz, Paneele, T\u00fcren,...)","og_description":"Hier finden Sie die biemar Kataloge zum Herunterladen: T\u00fcren, Terrassen, Verkleidungen, D\u00e4mmung, D\u00e4cher, Parkett, Paneele, Massivholz und Eisenwaren-Kataloge.","og_url":"https:\/\/biemar.be\/de\/kataloge\/","og_site_name":"Biemar Bois","article_publisher":"https:\/\/www.facebook.com\/BiemarBois","article_modified_time":"2026-01-29T10:08:09+00:00","og_image":[{"width":1348,"height":1920,"url":"https:\/\/biemar.be\/wp-content\/uploads\/2024\/07\/Catalogue-Biemar-Ossature-en-bois.jpg","type":"image\/jpeg"}],"twitter_card":"summary_large_image","twitter_misc":{"Gesch\u00e4tzte Lesezeit":"1\u00a0Minute"},"schema":{"@context":"https:\/\/schema.org","@graph":[{"@type":"WebPage","@id":"https:\/\/biemar.be\/de\/kataloge\/","url":"https:\/\/biemar.be\/de\/kataloge\/","name":"Biemar Kataloge | Downloads (Holz, Paneele, T\u00fcren,...)","isPartOf":{"@id":"https:\/\/biemar.be\/#website"},"primaryImageOfPage":{"@id":"https:\/\/biemar.be\/de\/kataloge\/#primaryimage"},"image":{"@id":"https:\/\/biemar.be\/de\/kataloge\/#primaryimage"},"thumbnailUrl":"https:\/\/biemar.be\/wp-content\/uploads\/2024\/07\/Catalogue-Biemar-Ossature-en-bois.jpg","datePublished":"2022-07-13T12:59:14+00:00","dateModified":"2026-01-29T10:08:09+00:00","description":"Hier finden Sie die biemar Kataloge zum Herunterladen: T\u00fcren, Terrassen, Verkleidungen, D\u00e4mmung, D\u00e4cher, Parkett, Paneele, Massivholz und Eisenwaren-Kataloge.","inLanguage":"de","potentialAction":[{"@type":"ReadAction","target":["https:\/\/biemar.be\/de\/kataloge\/"]}]},{"@type":"ImageObject","inLanguage":"de","@id":"https:\/\/biemar.be\/de\/kataloge\/#primaryimage","url":"https:\/\/biemar.be\/wp-content\/uploads\/2024\/07\/Catalogue-Biemar-Ossature-en-bois.jpg","contentUrl":"https:\/\/biemar.be\/wp-content\/uploads\/2024\/07\/Catalogue-Biemar-Ossature-en-bois.jpg","width":1348,"height":1920,"caption":"Catalogue Biemar Ossature en bois"},{"@type":"WebSite","@id":"https:\/\/biemar.be\/#website","url":"https:\/\/biemar.be\/","name":"Biemar Bois","description":"Des conseils particuli\u00e8rement pro","publisher":{"@id":"https:\/\/biemar.be\/#organization"},"potentialAction":[{"@type":"SearchAction","target":{"@type":"EntryPoint","urlTemplate":"https:\/\/biemar.be\/?s={search_term_string}"},"query-input":{"@type":"PropertyValueSpecification","valueRequired":true,"valueName":"search_term_string"}}],"inLanguage":"de"},{"@type":"Organization","@id":"https:\/\/biemar.be\/#organization","name":"Biemar Bois","url":"https:\/\/biemar.be\/","logo":{"@type":"ImageObject","inLanguage":"de","@id":"https:\/\/biemar.be\/#\/schema\/logo\/image\/","url":"https:\/\/biemar.be\/wp-content\/uploads\/2024\/01\/cropped-fav.jpg","contentUrl":"https:\/\/biemar.be\/wp-content\/uploads\/2024\/01\/cropped-fav.jpg","width":512,"height":512,"caption":"Biemar Bois"},"image":{"@id":"https:\/\/biemar.be\/#\/schema\/logo\/image\/"},"sameAs":["https:\/\/www.facebook.com\/BiemarBois"]}]}},"_links":{"self":[{"href":"https:\/\/biemar.be\/de\/wp-json\/wp\/v2\/pages\/54544","targetHints":{"allow":["GET"]}}],"collection":[{"href":"https:\/\/biemar.be\/de\/wp-json\/wp\/v2\/pages"}],"about":[{"href":"https:\/\/biemar.be\/de\/wp-json\/wp\/v2\/types\/page"}],"author":[{"embeddable":true,"href":"https:\/\/biemar.be\/de\/wp-json\/wp\/v2\/users\/1"}],"replies":[{"embeddable":true,"href":"https:\/\/biemar.be\/de\/wp-json\/wp\/v2\/comments?post=54544"}],"version-history":[{"count":0,"href":"https:\/\/biemar.be\/de\/wp-json\/wp\/v2\/pages\/54544\/revisions"}],"wp:featuredmedia":[{"embeddable":true,"href":"https:\/\/biemar.be\/de\/wp-json\/wp\/v2\/media\/54545"}],"wp:attachment":[{"href":"https:\/\/biemar.be\/de\/wp-json\/wp\/v2\/media?parent=54544"}],"curies":[{"name":"wp","href":"https:\/\/api.w.org\/{rel}","templated":true}]}}