{"id":54541,"date":"2022-07-19T09:40:38","date_gmt":"2022-07-19T07:40:38","guid":{"rendered":"https:\/\/biemar.be\/blog\/"},"modified":"2026-01-29T11:15:35","modified_gmt":"2026-01-29T10:15:35","slug":"blog","status":"publish","type":"page","link":"https:\/\/biemar.be\/de\/blog\/","title":{"rendered":"Blog"},"content":{"rendered":"\n<h2 class=\"wp-block-heading\">BLOG BIEMAR HOLZ - NEWS, TIPPS &amp; INSPIRATIONEN<\/h2>\n\n<p>Willkommen auf dem Biemar Holz Blog. Hier teilen wir unsere Neuigkeiten, praktische Tipps und Inspirationen, um Ihnen zu helfen, die richtigen Entscheidungen zu treffen - egal, ob Ihr Projekt die Inneneinrichtung, den Au\u00dfenbereich oder technische L\u00f6sungen im Zusammenhang mit Holz und Holzwerkstoffen betrifft. Au\u00dferdem finden Sie hier unsere Neuheiten, die Sie in unseren Showrooms entdecken k\u00f6nnen, sowie unsere Verpflichtungen und konkreten Ma\u00dfnahmen.    <\/p>\n\n<p>Auf dem Biemar Holz Blog finden Sie unter anderem :<\/p>\n\n<p>- Tipps und Tricks zur Auswahl der richtigen Produkte und zum Gelingen Ihrer Projekte (T\u00fcren, Verkleidungen, Terrassen, Parkett, Paneele usw.). : <a href=\"https:\/\/biemar.be\/de\/die-verschiedenen-arten-von-innentueren\/\">Die verschiedenen Arten von Innent\u00fcren<\/a> \/ <a href=\"https:\/\/biemar.be\/de\/?p=129088\">Massiv- oder Halbmassivparkett: Warum das Fertigparkett seine St\u00e4rken ausspielt<\/a> \/ <a href=\"https:\/\/biemar.be\/de\/parkett-vinyl-laminat-wie-waehlt-man-den-richtigen-bodenbelag\/\">Parkett, Vinyl, Laminat : Wie w\u00e4hlt man den richtigen Bodenbelag?<\/a> <\/p>\n\n<p>- Inspirations&#8220;-Artikel f\u00fcr hellere, stilvollere, praktischere und nachhaltigere Innenr\u00e4ume. : <a href=\"https:\/\/biemar.be\/de\/?p=57660\">Welche Glast\u00fcr soll ich w\u00e4hlen?<\/a> <\/p>\n\n<p>- Unsere Neuigkeiten \u00fcber unsere Verpflichtungen und unseren CSR-Ansatz (z.B. Anerkennung EcoVadis 2025). : <a href=\"https:\/\/biemar.be\/de\/?p=56722\">Biemar Bois : Unser CSR-Ansatz<\/a> \/ <a href=\"https:\/\/biemar.be\/de\/?p=110124\">Biemar Bois erh\u00e4lt die EcoVadis-Goldmedaille<\/a> <\/p>\n\n<p>- R\u00fcckblicke auf die H\u00f6hepunkte des Unternehmens und die wichtigsten Meilensteine (z. B. 100 Jahre Fachwissen). : <a href=\"https:\/\/biemar.be\/de\/biemar-holz-100-jahre-in-der-welt-des-holzes\/\">Biemar Bois, 100 Jahre in der Welt des Holzes<\/a> <\/p>\n\n<p><\/p>\n\n<h2 class=\"wp-block-heading\">WIE MAN DEN BLOG BIEMAR HOLZ NUTZT<\/h2>\n\n<p>- Durchsuchen Sie die Artikel und klicken Sie auf &#8222;Mehr lesen&#8220;, um zum vollst\u00e4ndigen Inhalt zu gelangen.<\/p>\n\n<p>- Wenn ein Thema Sie betrifft (Abmessungen, Kompatibilit\u00e4t, Zubeh\u00f6r, Endbearbeitung), notieren Sie Ihre Einschr\u00e4nkungen und nehmen Sie Kontakt mit uns auf: Sie sparen Zeit und vermeiden Fehler.<\/p>\n\n<p>- Um nichts zu verpassen, melden Sie sich f\u00fcr unseren Newsletter an (versprochen: kein Spam). :contentReference[oaicite:5]{index=5} <\/p>\n\n<p><\/p>\n\n<h2 class=\"wp-block-heading\">NEWSLETTER<\/h2>\n\n<p>Melden Sie sich f\u00fcr den Biemar Holz-Newsletter an, um Neuigkeiten aus dem Biemar Holz-Blog, n\u00fctzliche Informationen und wichtige Nachrichten zu erhalten. :contentReference[oaicite:6]{index=6} <\/p>\n\n<p><\/p>\n\n<h2 class=\"wp-block-heading\">DIE ST\u00c4RKEN UNSERES ESHOPS (N\u00dcTZLICHE ERINNERUNG)<\/h2>\n\n<p>- Lieferung: wo und wann Sie wollen<\/p>\n\n<p>- Kundenservice: immer ein offenes Ohr f\u00fcr Sie<\/p>\n\n<p>- Sehr gro\u00dfer Bestand: in allen Kategorien :contentReference[oaicite:7]{index=7}<\/p>\n\n<p><\/p>\n\n<h2 class=\"wp-block-heading\">N\u00dcTZLICHE LINKS<\/h2>\n\n<p>- Blog \/ Nachrichten: https: <a href=\"https:\/\/biemar.be\/de\/blog\/\" target=\"_blank\" rel=\"noreferrer noopener\">\/\/biemar.be\/actualites\/<\/a><\/p>\n\n<p>- Produkte: https: <a href=\"https:\/\/biemar.be\/de\/produkte\/\" target=\"_blank\" rel=\"noreferrer noopener\">\/\/biemar.be\/produits\/<\/a><\/p>\n\n<p>- Kataloge: https: <a href=\"https:\/\/biemar.be\/de\/kataloge\/\" target=\"_blank\" rel=\"noreferrer noopener\">\/\/biemar.be\/catalogues-biemar-bois\/<\/a><\/p>\n\n<p>- Dienstleistungen (Lieferung, Abholung usw.): https: <a href=\"https:\/\/biemar.be\/de\/dienste\/\">\/\/biemar.be\/services\/<\/a><\/p>\n\n<p>- Einen Termin vereinbaren: https: <a href=\"https:\/\/biemar.be\/de\/einen-termin-vereinbaren\/\">\/\/biemar.be\/prendre-un-rendez-vous\/<\/a><\/p>\n\n<p>- FAQ: https: <a href=\"https:\/\/biemar.be\/de\/faq\/\" target=\"_blank\" rel=\"noreferrer noopener\">\/\/biemar.be\/faq\/<\/a><\/p>\n\n<p>- Kundendienst: https: <a href=\"https:\/\/biemar.be\/de\/service-nach-dem-verkauf\/\" target=\"_blank\" rel=\"noreferrer noopener\">\/\/biemar.be\/service-apres-vente\/<\/a><\/p>\n","protected":false},"excerpt":{"rendered":"<p>BLOG BIEMAR HOLZ - NEWS, TIPPS &amp; INSPIRATIONEN Willkommen auf dem Biemar Holz Blog. Hier teilen wir unsere Neuigkeiten, praktische Tipps und Inspirationen, um Ihnen zu helfen, die richtigen Entscheidungen zu treffen - egal, ob Ihr Projekt die Inneneinrichtung, den Au\u00dfenbereich oder technische L\u00f6sungen im Zusammenhang mit Holz und Holzwerkstoffen betrifft. Au\u00dferdem finden Sie hier [&hellip;]<\/p>\n","protected":false},"author":1,"featured_media":51746,"parent":0,"menu_order":0,"comment_status":"closed","ping_status":"closed","template":"blog.php","meta":{"_acf_changed":false,"footnotes":""},"class_list":["post-54541","page","type-page","status-publish","has-post-thumbnail","hentry"],"acf":[],"yoast_head":"<!-- This site is optimized with the Yoast SEO plugin v27.3 - https:\/\/yoast.com\/product\/yoast-seo-wordpress\/ -->\n<title>Blog Biemar Holz | Nachrichten, Tipps &amp; Neuheiten<\/title>\n<meta name=\"description\" content=\"Entdecken Sie den Biemar Holz Blog: Tipps und Tricks, Inspirationen, Neuheiten in den Showrooms, CSR-Nachrichten und Produkttrends. Anmeldung zum Newsletter.\" \/>\n<meta name=\"robots\" content=\"index, follow, max-snippet:-1, max-image-preview:large, max-video-preview:-1\" \/>\n<link rel=\"canonical\" href=\"https:\/\/biemar.be\/de\/blog\/\" \/>\n<meta property=\"og:locale\" content=\"de_DE\" \/>\n<meta property=\"og:type\" content=\"article\" \/>\n<meta property=\"og:title\" content=\"Blog Biemar Holz | Nachrichten, Tipps &amp; Neuheiten\" \/>\n<meta property=\"og:description\" content=\"Entdecken Sie den Biemar Holz Blog: Tipps und Tricks, Inspirationen, Neuheiten in den Showrooms, CSR-Nachrichten und Produkttrends. Anmeldung zum Newsletter.\" \/>\n<meta property=\"og:url\" content=\"https:\/\/biemar.be\/de\/blog\/\" \/>\n<meta property=\"og:site_name\" content=\"Biemar Bois\" \/>\n<meta property=\"article:publisher\" content=\"https:\/\/www.facebook.com\/BiemarBois\" \/>\n<meta property=\"article:modified_time\" content=\"2026-01-29T10:15:35+00:00\" \/>\n<meta property=\"og:image\" content=\"https:\/\/biemar.be\/wp-content\/uploads\/2024\/08\/Journe\u0301e-de-la-machine-1.jpg\" \/>\n\t<meta property=\"og:image:width\" content=\"1920\" \/>\n\t<meta property=\"og:image:height\" content=\"1017\" \/>\n\t<meta property=\"og:image:type\" content=\"image\/jpeg\" \/>\n<meta name=\"twitter:card\" content=\"summary_large_image\" \/>\n<meta name=\"twitter:label1\" content=\"Gesch\u00e4tzte Lesezeit\" \/>\n\t<meta name=\"twitter:data1\" content=\"2\u00a0Minute\" \/>\n<script type=\"application\/ld+json\" class=\"yoast-schema-graph\">{\"@context\":\"https:\\\/\\\/schema.org\",\"@graph\":[{\"@type\":\"WebPage\",\"@id\":\"https:\\\/\\\/biemar.be\\\/de\\\/blog\\\/\",\"url\":\"https:\\\/\\\/biemar.be\\\/de\\\/blog\\\/\",\"name\":\"Blog Biemar Holz | Nachrichten, Tipps & Neuheiten\",\"isPartOf\":{\"@id\":\"https:\\\/\\\/biemar.be\\\/#website\"},\"primaryImageOfPage\":{\"@id\":\"https:\\\/\\\/biemar.be\\\/de\\\/blog\\\/#primaryimage\"},\"image\":{\"@id\":\"https:\\\/\\\/biemar.be\\\/de\\\/blog\\\/#primaryimage\"},\"thumbnailUrl\":\"https:\\\/\\\/biemar.be\\\/wp-content\\\/uploads\\\/2024\\\/08\\\/Journe\u0301e-de-la-machine-1.jpg\",\"datePublished\":\"2022-07-19T07:40:38+00:00\",\"dateModified\":\"2026-01-29T10:15:35+00:00\",\"description\":\"Entdecken Sie den Biemar Holz Blog: Tipps und Tricks, Inspirationen, Neuheiten in den Showrooms, CSR-Nachrichten und Produkttrends. Anmeldung zum Newsletter.\",\"inLanguage\":\"de\",\"potentialAction\":[{\"@type\":\"ReadAction\",\"target\":[\"https:\\\/\\\/biemar.be\\\/de\\\/blog\\\/\"]}]},{\"@type\":\"ImageObject\",\"inLanguage\":\"de\",\"@id\":\"https:\\\/\\\/biemar.be\\\/de\\\/blog\\\/#primaryimage\",\"url\":\"https:\\\/\\\/biemar.be\\\/wp-content\\\/uploads\\\/2024\\\/08\\\/Journe\u0301e-de-la-machine-1.jpg\",\"contentUrl\":\"https:\\\/\\\/biemar.be\\\/wp-content\\\/uploads\\\/2024\\\/08\\\/Journe\u0301e-de-la-machine-1.jpg\",\"width\":1920,\"height\":1017,\"caption\":\"Journe\u0301e de la machine 1\"},{\"@type\":\"WebSite\",\"@id\":\"https:\\\/\\\/biemar.be\\\/#website\",\"url\":\"https:\\\/\\\/biemar.be\\\/\",\"name\":\"Biemar Bois\",\"description\":\"Des conseils particuli\u00e8rement pro\",\"publisher\":{\"@id\":\"https:\\\/\\\/biemar.be\\\/#organization\"},\"potentialAction\":[{\"@type\":\"SearchAction\",\"target\":{\"@type\":\"EntryPoint\",\"urlTemplate\":\"https:\\\/\\\/biemar.be\\\/?s={search_term_string}\"},\"query-input\":{\"@type\":\"PropertyValueSpecification\",\"valueRequired\":true,\"valueName\":\"search_term_string\"}}],\"inLanguage\":\"de\"},{\"@type\":\"Organization\",\"@id\":\"https:\\\/\\\/biemar.be\\\/#organization\",\"name\":\"Biemar Bois\",\"url\":\"https:\\\/\\\/biemar.be\\\/\",\"logo\":{\"@type\":\"ImageObject\",\"inLanguage\":\"de\",\"@id\":\"https:\\\/\\\/biemar.be\\\/#\\\/schema\\\/logo\\\/image\\\/\",\"url\":\"https:\\\/\\\/biemar.be\\\/wp-content\\\/uploads\\\/2024\\\/01\\\/cropped-fav.jpg\",\"contentUrl\":\"https:\\\/\\\/biemar.be\\\/wp-content\\\/uploads\\\/2024\\\/01\\\/cropped-fav.jpg\",\"width\":512,\"height\":512,\"caption\":\"Biemar Bois\"},\"image\":{\"@id\":\"https:\\\/\\\/biemar.be\\\/#\\\/schema\\\/logo\\\/image\\\/\"},\"sameAs\":[\"https:\\\/\\\/www.facebook.com\\\/BiemarBois\"]}]}<\/script>\n<!-- \/ Yoast SEO plugin. -->","yoast_head_json":{"title":"Blog Biemar Holz | Nachrichten, Tipps & Neuheiten","description":"Entdecken Sie den Biemar Holz Blog: Tipps und Tricks, Inspirationen, Neuheiten in den Showrooms, CSR-Nachrichten und Produkttrends. Anmeldung zum Newsletter.","robots":{"index":"index","follow":"follow","max-snippet":"max-snippet:-1","max-image-preview":"max-image-preview:large","max-video-preview":"max-video-preview:-1"},"canonical":"https:\/\/biemar.be\/de\/blog\/","og_locale":"de_DE","og_type":"article","og_title":"Blog Biemar Holz | Nachrichten, Tipps & Neuheiten","og_description":"Entdecken Sie den Biemar Holz Blog: Tipps und Tricks, Inspirationen, Neuheiten in den Showrooms, CSR-Nachrichten und Produkttrends. Anmeldung zum Newsletter.","og_url":"https:\/\/biemar.be\/de\/blog\/","og_site_name":"Biemar Bois","article_publisher":"https:\/\/www.facebook.com\/BiemarBois","article_modified_time":"2026-01-29T10:15:35+00:00","og_image":[{"width":1920,"height":1017,"url":"https:\/\/biemar.be\/wp-content\/uploads\/2024\/08\/Journe\u0301e-de-la-machine-1.jpg","type":"image\/jpeg"}],"twitter_card":"summary_large_image","twitter_misc":{"Gesch\u00e4tzte Lesezeit":"2\u00a0Minute"},"schema":{"@context":"https:\/\/schema.org","@graph":[{"@type":"WebPage","@id":"https:\/\/biemar.be\/de\/blog\/","url":"https:\/\/biemar.be\/de\/blog\/","name":"Blog Biemar Holz | Nachrichten, Tipps & Neuheiten","isPartOf":{"@id":"https:\/\/biemar.be\/#website"},"primaryImageOfPage":{"@id":"https:\/\/biemar.be\/de\/blog\/#primaryimage"},"image":{"@id":"https:\/\/biemar.be\/de\/blog\/#primaryimage"},"thumbnailUrl":"https:\/\/biemar.be\/wp-content\/uploads\/2024\/08\/Journe\u0301e-de-la-machine-1.jpg","datePublished":"2022-07-19T07:40:38+00:00","dateModified":"2026-01-29T10:15:35+00:00","description":"Entdecken Sie den Biemar Holz Blog: Tipps und Tricks, Inspirationen, Neuheiten in den Showrooms, CSR-Nachrichten und Produkttrends. Anmeldung zum Newsletter.","inLanguage":"de","potentialAction":[{"@type":"ReadAction","target":["https:\/\/biemar.be\/de\/blog\/"]}]},{"@type":"ImageObject","inLanguage":"de","@id":"https:\/\/biemar.be\/de\/blog\/#primaryimage","url":"https:\/\/biemar.be\/wp-content\/uploads\/2024\/08\/Journe\u0301e-de-la-machine-1.jpg","contentUrl":"https:\/\/biemar.be\/wp-content\/uploads\/2024\/08\/Journe\u0301e-de-la-machine-1.jpg","width":1920,"height":1017,"caption":"Journe\u0301e de la machine 1"},{"@type":"WebSite","@id":"https:\/\/biemar.be\/#website","url":"https:\/\/biemar.be\/","name":"Biemar Bois","description":"Des conseils particuli\u00e8rement pro","publisher":{"@id":"https:\/\/biemar.be\/#organization"},"potentialAction":[{"@type":"SearchAction","target":{"@type":"EntryPoint","urlTemplate":"https:\/\/biemar.be\/?s={search_term_string}"},"query-input":{"@type":"PropertyValueSpecification","valueRequired":true,"valueName":"search_term_string"}}],"inLanguage":"de"},{"@type":"Organization","@id":"https:\/\/biemar.be\/#organization","name":"Biemar Bois","url":"https:\/\/biemar.be\/","logo":{"@type":"ImageObject","inLanguage":"de","@id":"https:\/\/biemar.be\/#\/schema\/logo\/image\/","url":"https:\/\/biemar.be\/wp-content\/uploads\/2024\/01\/cropped-fav.jpg","contentUrl":"https:\/\/biemar.be\/wp-content\/uploads\/2024\/01\/cropped-fav.jpg","width":512,"height":512,"caption":"Biemar Bois"},"image":{"@id":"https:\/\/biemar.be\/#\/schema\/logo\/image\/"},"sameAs":["https:\/\/www.facebook.com\/BiemarBois"]}]}},"_links":{"self":[{"href":"https:\/\/biemar.be\/de\/wp-json\/wp\/v2\/pages\/54541","targetHints":{"allow":["GET"]}}],"collection":[{"href":"https:\/\/biemar.be\/de\/wp-json\/wp\/v2\/pages"}],"about":[{"href":"https:\/\/biemar.be\/de\/wp-json\/wp\/v2\/types\/page"}],"author":[{"embeddable":true,"href":"https:\/\/biemar.be\/de\/wp-json\/wp\/v2\/users\/1"}],"replies":[{"embeddable":true,"href":"https:\/\/biemar.be\/de\/wp-json\/wp\/v2\/comments?post=54541"}],"version-history":[{"count":0,"href":"https:\/\/biemar.be\/de\/wp-json\/wp\/v2\/pages\/54541\/revisions"}],"wp:featuredmedia":[{"embeddable":true,"href":"https:\/\/biemar.be\/de\/wp-json\/wp\/v2\/media\/51746"}],"wp:attachment":[{"href":"https:\/\/biemar.be\/de\/wp-json\/wp\/v2\/media?parent=54541"}],"curies":[{"name":"wp","href":"https:\/\/api.w.org\/{rel}","templated":true}]}}