{"id":54176,"date":"2021-09-13T08:53:50","date_gmt":"2021-09-13T06:53:50","guid":{"rendered":"https:\/\/biemar.be\/dienste\/"},"modified":"2026-03-24T09:37:04","modified_gmt":"2026-03-24T08:37:04","slug":"dienste","status":"publish","type":"page","link":"https:\/\/biemar.be\/de\/dienste\/","title":{"rendered":"Dienste"},"content":{"rendered":"\n<h2 class=\"wp-block-heading\">HOLZLIEFERUNG: UNSERE TRANSPORTDIENSTE<\/h2>\n\n<p>Sie suchen eine zuverl\u00e4ssige L\u00f6sung f\u00fcr die Lieferung von Holz auf die Baustelle, nach Hause oder f\u00fcr eine schnelle Abholung? Bei Biemar Holz stellen wir Ihnen einen Transportservice zur Verf\u00fcgung, der so konzipiert ist, dass er sich an die realen Zw\u00e4nge anpasst: schwieriger Zugang, Handgriffe, gro\u00dfe L\u00e4ngen, variable Volumen und Baustellentermine. <\/p>\n\n<h2 class=\"wp-block-heading\">EINE FLOTTE, DIE F\u00dcR HOLZLIEFERUNGEN GEEIGNET IST<\/h2>\n\n<p>Biemar Bois verf\u00fcgt \u00fcber einen Fuhrpark, der an die Anforderungen des Transports angepasst ist. Regelm\u00e4\u00dfige Touren werden organisiert, um die Kosten zu minimieren: Geben Sie so viele Informationen wie m\u00f6glich an (Adresse, Zufahrt, L\u00e4ngen, Volumen, Entladeauflagen), um den am besten geeigneten LKW auszuw\u00e4hlen. <\/p>\n\n<h2 class=\"wp-block-heading\">Zur Biemar Holzflotte geh\u00f6ren unter anderem:<\/h2>\n\n<p>- Ein Lieferwagen f\u00fcr kleine Reparaturen<\/p>\n\n<p>- 1 Sattelschlepper mit Hebeb\u00fchne (Touren in Brabant und Luxemburg)<\/p>\n\n<p>- 2 LKWs mit Hebeb\u00fchnen (Soumagne und Malmedy)<\/p>\n\n<p>- 3 LKWs mit Kr\u00e4nen (27 m, 18 m und 16 m) f\u00fcr Ihre Man\u00f6ver<\/p>\n\n<p>- 1 LKW ohne Entlademittel f\u00fcr kleine Lieferungen auf schmalen Wegen<\/p>\n\n<p>- 1 LKW mit kleinem Kran + Clarck (Transport bis zu 13 m L\u00e4nge)<\/p>\n\n<p>- Ein kleiner Vito-Transporter<\/p>\n\n<h2 class=\"wp-block-heading\">ABHOLUNGEN: SPAREN SIE VOR ORT ZEIT<\/h2>\n\n<p>Um Ihre Abholungen zu gew\u00e4hrleisten, verf\u00fcgt Biemar Bois \u00fcber eine gro\u00dfe Anzahl von Hebeb\u00fchnen aller Art. Das Ergebnis: eine effizientere Verladung und weniger Wartezeiten, wenn Sie Ihr Holz oder Ihre Materialien abholen. <\/p>\n\n<h2 class=\"wp-block-heading\">KONTAKT - TRANSPORTDIENST (HOLZLIEFERUNG)<\/h2>\n\n<p>Der Transportdienst ist erreichbar unter :<\/p>\n\n<p>- 04\/ 377 94 96 (Lieferungen in der Provinz)<\/p>\n\n<p>- 04\/ 377 95 66 (Lieferungen aus Wallonisch-Brabant und der Provinz Luxemburg)<\/p>\n\n<p>- 080\/79 97 01 (Transportdienst in Malmedy)<\/p>\n\n<h2 class=\"wp-block-heading\">COLLECT &amp; GO: IHRE BESTELLUNG IST INNERHALB VON 24 STUNDEN FERTIG (LAGERARTIKEL)<\/h2>\n\n<p>Um Ihre Abholungen zu beschleunigen, bietet Biemar Bois den Service Collect &amp; Go :<\/p>\n\n<p>1) Sie schicken Ihre Bestellung ab<\/p>\n\n<p>2) Sie wird innerhalb von 24 Stunden vorbereitet (bei Lagerartikeln).<\/p>\n\n<p>3) Sie erhalten eine SMS, wenn es fertig ist<\/p>\n\n<p>4) Sie melden sich am Schrankenportal: Die Abholung erfolgt schnell<\/p>\n\n<h2 class=\"wp-block-heading\">BIEMAR CARD: SCHNELLERE ABHOLUNG AM DRIVE-IN<\/h2>\n\n<p>Um Ihnen bei der Abholung Zeit zu sparen, erm\u00f6glicht Ihnen die Biemar Card :<\/p>\n\n<p>- Zeitersparnis: Bleiben Sie bei der Ankunft am DRIVE IN in Ihrem Fahrzeug, ohne die Schrankenstation passieren zu m\u00fcssen; zeigen Sie den Lagerarbeitern direkt die Karte vor.<\/p>\n\n<p>- R\u00fcckverfolgbarkeit: Karten f\u00fcr Mitarbeiter (mit Zustimmung eines Vorgesetzten), um Eink\u00e4ufe und Baustellen besser verfolgen zu k\u00f6nnen<\/p>\n\n<h2 class=\"wp-block-heading\">PRAKTISCHER RAT (F\u00dcR EINE SORGENFREIE HOLZLIEFERUNG)<\/h2>\n\n<p>Bevor Sie eine Holzlieferung anfordern, bereiten Sie diese Informationen vor: maximale L\u00e4ngen (z. B. 4 m, 6 m, 13 m), gesch\u00e4tztes Volumen\/Gewicht, Zugang (Breite, Steigung, Sackgasse), Bedarf an Kran\/Hebeb\u00fchne und Absetzzone. Je genauer diese Angaben sind, desto einfacher und schneller kann die Lieferung erfolgen. <\/p>\n\n<h2 class=\"wp-block-heading\">N\u00dcTZLICHE LINKS<\/h2>\n\n<p>- Dienstleistungen: https: <a href=\"https:\/\/biemar.be\/de\/dienste\/\">\/\/biemar.be\/services\/<\/a><\/p>\n\n<p>- Einen Termin vereinbaren: https: <a href=\"https:\/\/biemar.be\/de\/einen-termin-vereinbaren\/\">\/\/biemar.be\/prendre-un-rendez-vous\/<\/a><\/p>\n\n<p>- FAQ: https: <a href=\"https:\/\/biemar.be\/de\/faq\/\">\/\/biemar.be\/faq\/<\/a><\/p>\n\n<p>- Produkte: https: <a href=\"https:\/\/biemar.be\/de\/produkte\/\">\/\/biemar.be\/produits\/<\/a><\/p>\n\n<p>- Kundendienst: https: <a href=\"https:\/\/biemar.be\/de\/service-nach-dem-verkauf\/\">\/\/biemar.be\/service-apres-vente\/<\/a><\/p>\n","protected":false},"excerpt":{"rendered":"<p>HOLZLIEFERUNG: UNSERE TRANSPORTDIENSTE Sie suchen eine zuverl\u00e4ssige L\u00f6sung f\u00fcr die Lieferung von Holz auf die Baustelle, nach Hause oder f\u00fcr eine schnelle Abholung? Bei Biemar Holz stellen wir Ihnen einen Transportservice zur Verf\u00fcgung, der so konzipiert ist, dass er sich an die realen Zw\u00e4nge anpasst: schwieriger Zugang, Handgriffe, gro\u00dfe L\u00e4ngen, variable Volumen und Baustellentermine. EINE [&hellip;]<\/p>\n","protected":false},"author":1,"featured_media":0,"parent":0,"menu_order":0,"comment_status":"closed","ping_status":"closed","template":"content-page.php","meta":{"_acf_changed":false,"footnotes":""},"class_list":["post-54176","page","type-page","status-publish","hentry"],"acf":[],"yoast_head":"<!-- This site is optimized with the Yoast SEO plugin v27.3 - https:\/\/yoast.com\/product\/yoast-seo-wordpress\/ -->\n<title>Holzlieferungen | Transport, Kranwagen &amp; Collect &amp; Go bei Biemar Holz<\/title>\n<meta name=\"description\" content=\"Holzlieferung auf die Baustelle oder nach Hause: angepasste Flotte (Gabelstapler, Kr\u00e4ne), regelm\u00e4\u00dfige Touren, Collect &amp; Go innerhalb von 24 Stunden (Lagerbestand) und Biemar Card f\u00fcr eine schnellere Abholung.\" \/>\n<meta name=\"robots\" content=\"index, follow, max-snippet:-1, max-image-preview:large, max-video-preview:-1\" \/>\n<link rel=\"canonical\" href=\"https:\/\/biemar.be\/de\/dienste\/\" \/>\n<meta property=\"og:locale\" content=\"de_DE\" \/>\n<meta property=\"og:type\" content=\"article\" \/>\n<meta property=\"og:title\" content=\"Holzlieferungen | Transport, Kranwagen &amp; Collect &amp; Go bei Biemar Holz\" \/>\n<meta property=\"og:description\" content=\"Holzlieferung auf die Baustelle oder nach Hause: angepasste Flotte (Gabelstapler, Kr\u00e4ne), regelm\u00e4\u00dfige Touren, Collect &amp; Go innerhalb von 24 Stunden (Lagerbestand) und Biemar Card f\u00fcr eine schnellere Abholung.\" \/>\n<meta property=\"og:url\" content=\"https:\/\/biemar.be\/de\/dienste\/\" \/>\n<meta property=\"og:site_name\" content=\"Biemar Bois\" \/>\n<meta property=\"article:publisher\" content=\"https:\/\/www.facebook.com\/BiemarBois\" \/>\n<meta property=\"article:modified_time\" content=\"2026-03-24T08:37:04+00:00\" \/>\n<meta name=\"twitter:card\" content=\"summary_large_image\" \/>\n<meta name=\"twitter:label1\" content=\"Gesch\u00e4tzte Lesezeit\" \/>\n\t<meta name=\"twitter:data1\" content=\"2\u00a0Minute\" \/>\n<script type=\"application\/ld+json\" class=\"yoast-schema-graph\">{\"@context\":\"https:\\\/\\\/schema.org\",\"@graph\":[{\"@type\":\"WebPage\",\"@id\":\"https:\\\/\\\/biemar.be\\\/de\\\/dienste\\\/\",\"url\":\"https:\\\/\\\/biemar.be\\\/de\\\/dienste\\\/\",\"name\":\"Holzlieferungen | Transport, Kranwagen & Collect & Go bei Biemar Holz\",\"isPartOf\":{\"@id\":\"https:\\\/\\\/biemar.be\\\/#website\"},\"datePublished\":\"2021-09-13T06:53:50+00:00\",\"dateModified\":\"2026-03-24T08:37:04+00:00\",\"description\":\"Holzlieferung auf die Baustelle oder nach Hause: angepasste Flotte (Gabelstapler, Kr\u00e4ne), regelm\u00e4\u00dfige Touren, Collect & Go innerhalb von 24 Stunden (Lagerbestand) und Biemar Card f\u00fcr eine schnellere Abholung.\",\"inLanguage\":\"de\",\"potentialAction\":[{\"@type\":\"ReadAction\",\"target\":[\"https:\\\/\\\/biemar.be\\\/de\\\/dienste\\\/\"]}]},{\"@type\":\"WebSite\",\"@id\":\"https:\\\/\\\/biemar.be\\\/#website\",\"url\":\"https:\\\/\\\/biemar.be\\\/\",\"name\":\"Biemar Bois\",\"description\":\"Des conseils particuli\u00e8rement pro\",\"publisher\":{\"@id\":\"https:\\\/\\\/biemar.be\\\/#organization\"},\"potentialAction\":[{\"@type\":\"SearchAction\",\"target\":{\"@type\":\"EntryPoint\",\"urlTemplate\":\"https:\\\/\\\/biemar.be\\\/?s={search_term_string}\"},\"query-input\":{\"@type\":\"PropertyValueSpecification\",\"valueRequired\":true,\"valueName\":\"search_term_string\"}}],\"inLanguage\":\"de\"},{\"@type\":\"Organization\",\"@id\":\"https:\\\/\\\/biemar.be\\\/#organization\",\"name\":\"Biemar Bois\",\"url\":\"https:\\\/\\\/biemar.be\\\/\",\"logo\":{\"@type\":\"ImageObject\",\"inLanguage\":\"de\",\"@id\":\"https:\\\/\\\/biemar.be\\\/#\\\/schema\\\/logo\\\/image\\\/\",\"url\":\"https:\\\/\\\/biemar.be\\\/wp-content\\\/uploads\\\/2024\\\/01\\\/cropped-fav.jpg\",\"contentUrl\":\"https:\\\/\\\/biemar.be\\\/wp-content\\\/uploads\\\/2024\\\/01\\\/cropped-fav.jpg\",\"width\":512,\"height\":512,\"caption\":\"Biemar Bois\"},\"image\":{\"@id\":\"https:\\\/\\\/biemar.be\\\/#\\\/schema\\\/logo\\\/image\\\/\"},\"sameAs\":[\"https:\\\/\\\/www.facebook.com\\\/BiemarBois\"]}]}<\/script>\n<!-- \/ Yoast SEO plugin. -->","yoast_head_json":{"title":"Holzlieferungen | Transport, Kranwagen & Collect & Go bei Biemar Holz","description":"Holzlieferung auf die Baustelle oder nach Hause: angepasste Flotte (Gabelstapler, Kr\u00e4ne), regelm\u00e4\u00dfige Touren, Collect & Go innerhalb von 24 Stunden (Lagerbestand) und Biemar Card f\u00fcr eine schnellere Abholung.","robots":{"index":"index","follow":"follow","max-snippet":"max-snippet:-1","max-image-preview":"max-image-preview:large","max-video-preview":"max-video-preview:-1"},"canonical":"https:\/\/biemar.be\/de\/dienste\/","og_locale":"de_DE","og_type":"article","og_title":"Holzlieferungen | Transport, Kranwagen & Collect & Go bei Biemar Holz","og_description":"Holzlieferung auf die Baustelle oder nach Hause: angepasste Flotte (Gabelstapler, Kr\u00e4ne), regelm\u00e4\u00dfige Touren, Collect & Go innerhalb von 24 Stunden (Lagerbestand) und Biemar Card f\u00fcr eine schnellere Abholung.","og_url":"https:\/\/biemar.be\/de\/dienste\/","og_site_name":"Biemar Bois","article_publisher":"https:\/\/www.facebook.com\/BiemarBois","article_modified_time":"2026-03-24T08:37:04+00:00","twitter_card":"summary_large_image","twitter_misc":{"Gesch\u00e4tzte Lesezeit":"2\u00a0Minute"},"schema":{"@context":"https:\/\/schema.org","@graph":[{"@type":"WebPage","@id":"https:\/\/biemar.be\/de\/dienste\/","url":"https:\/\/biemar.be\/de\/dienste\/","name":"Holzlieferungen | Transport, Kranwagen & Collect & Go bei Biemar Holz","isPartOf":{"@id":"https:\/\/biemar.be\/#website"},"datePublished":"2021-09-13T06:53:50+00:00","dateModified":"2026-03-24T08:37:04+00:00","description":"Holzlieferung auf die Baustelle oder nach Hause: angepasste Flotte (Gabelstapler, Kr\u00e4ne), regelm\u00e4\u00dfige Touren, Collect & Go innerhalb von 24 Stunden (Lagerbestand) und Biemar Card f\u00fcr eine schnellere Abholung.","inLanguage":"de","potentialAction":[{"@type":"ReadAction","target":["https:\/\/biemar.be\/de\/dienste\/"]}]},{"@type":"WebSite","@id":"https:\/\/biemar.be\/#website","url":"https:\/\/biemar.be\/","name":"Biemar Bois","description":"Des conseils particuli\u00e8rement pro","publisher":{"@id":"https:\/\/biemar.be\/#organization"},"potentialAction":[{"@type":"SearchAction","target":{"@type":"EntryPoint","urlTemplate":"https:\/\/biemar.be\/?s={search_term_string}"},"query-input":{"@type":"PropertyValueSpecification","valueRequired":true,"valueName":"search_term_string"}}],"inLanguage":"de"},{"@type":"Organization","@id":"https:\/\/biemar.be\/#organization","name":"Biemar Bois","url":"https:\/\/biemar.be\/","logo":{"@type":"ImageObject","inLanguage":"de","@id":"https:\/\/biemar.be\/#\/schema\/logo\/image\/","url":"https:\/\/biemar.be\/wp-content\/uploads\/2024\/01\/cropped-fav.jpg","contentUrl":"https:\/\/biemar.be\/wp-content\/uploads\/2024\/01\/cropped-fav.jpg","width":512,"height":512,"caption":"Biemar Bois"},"image":{"@id":"https:\/\/biemar.be\/#\/schema\/logo\/image\/"},"sameAs":["https:\/\/www.facebook.com\/BiemarBois"]}]}},"_links":{"self":[{"href":"https:\/\/biemar.be\/de\/wp-json\/wp\/v2\/pages\/54176","targetHints":{"allow":["GET"]}}],"collection":[{"href":"https:\/\/biemar.be\/de\/wp-json\/wp\/v2\/pages"}],"about":[{"href":"https:\/\/biemar.be\/de\/wp-json\/wp\/v2\/types\/page"}],"author":[{"embeddable":true,"href":"https:\/\/biemar.be\/de\/wp-json\/wp\/v2\/users\/1"}],"replies":[{"embeddable":true,"href":"https:\/\/biemar.be\/de\/wp-json\/wp\/v2\/comments?post=54176"}],"version-history":[{"count":0,"href":"https:\/\/biemar.be\/de\/wp-json\/wp\/v2\/pages\/54176\/revisions"}],"wp:attachment":[{"href":"https:\/\/biemar.be\/de\/wp-json\/wp\/v2\/media?parent=54176"}],"curies":[{"name":"wp","href":"https:\/\/api.w.org\/{rel}","templated":true}]}}