{"id":52111,"date":"2023-09-15T08:54:19","date_gmt":"2023-09-15T06:54:19","guid":{"rendered":"https:\/\/biemar.be\/die-promos-biemar-holz\/"},"modified":"2026-01-29T10:46:25","modified_gmt":"2026-01-29T09:46:25","slug":"die-promos-biemar-bois","status":"publish","type":"page","link":"https:\/\/biemar.be\/de\/die-promos-biemar-bois\/","title":{"rendered":"Die Promos biemar Holz"},"content":{"rendered":"\n<p>Willkommen auf der Seite &#8222;Promo Biemar Holz&#8220;. Hier finden Sie unsere aktuellen Angebote: Sonderangebote, Lagerr\u00e4umungen und Ausverk\u00e4ufe einer Auswahl von Produkten. Die Angebote werden in begrenzter Menge angeboten und gelten nur, solange der Vorrat reicht: Wenn Sie sich f\u00fcr ein Produkt interessieren, kontaktieren Sie uns am besten schnell.  <\/p>\n\n<p>Direkter Zugang (anklickbar) :<\/p>\n\n<figure class=\"wp-block-embed is-type-wp-embed is-provider-biemar-bois wp-block-embed-biemar-bois\"><div class=\"wp-block-embed__wrapper\">\n<blockquote class=\"wp-embedded-content\" data-secret=\"cFb6TfhO58\"><a href=\"https:\/\/biemar.be\/les-promos-biemar-bois\/\">Les promos biemar bois<\/a><\/blockquote><iframe class=\"wp-embedded-content\" sandbox=\"allow-scripts\" security=\"restricted\" style=\"position: absolute; visibility: hidden;\" title=\"&#8222;Les promos biemar bois&#8220; &#8211; Biemar Bois\" src=\"https:\/\/biemar.be\/les-promos-biemar-bois\/embed\/#?secret=6TOIJR3ScF#?secret=cFb6TfhO58\" data-secret=\"cFb6TfhO58\" width=\"600\" height=\"338\" frameborder=\"0\" marginwidth=\"0\" marginheight=\"0\" scrolling=\"no\"><\/iframe>\n<\/div><\/figure>\n\n<h2 class=\"wp-block-heading\">WIE KANN ICH VON EINER BIEMAR HOLZAKTION PROFITIEREN?<\/h2>\n\n<p>- Besuchen Sie diese Seite regelm\u00e4\u00dfig, um Aktualisierungen der Angebote zu sehen.<\/p>\n\n<p>- \u00dcberpr\u00fcfen Sie die Produktinformationen (Artikelnummern, Abmessungen, Farben), bevor Sie sich auf den Weg machen oder eine Bestellung aufgeben.<\/p>\n\n<p>- Wenn Sie Zweifel an der Kompatibilit\u00e4t haben (Verlegung, Zubeh\u00f6r, Endbearbeitung), wenden Sie sich an uns: Wir helfen Ihnen, die richtige L\u00f6sung zu w\u00e4hlen.<\/p>\n\n<h2 class=\"wp-block-heading\">BEISPIELE F\u00dcR ANGEBOTE AUF DER SEITE (JE NACH ANKUNFT \/ LAGERBESTAND)<\/h2>\n\n<p>- Promos \/ Ausverkauf von Fassadenverkleidungen (z. B. &#8222;CEDRAL Sidings&#8220;-Linien mit Lamellen und Zubeh\u00f6r).<\/p>\n\n<p>- Promos \/ Liquidation Dach (z. B. &#8222;Fakro\/Velux - Dach&#8220;, Dachfenster und Zubeh\u00f6r).<\/p>\n\n<p>Wichtig: Diese Angebote werden typischerweise als &#8222;Lagerr\u00e4umung&#8220; angezeigt und k\u00f6nnen sich \u00e4ndern oder verschwinden, sobald der Vorrat aufgebraucht ist.<\/p>\n\n<h2 class=\"wp-block-heading\">BLEIBEN SIE \u00dcBER KOMMENDE SONDERANGEBOTE INFORMIERT<\/h2>\n\n<p>Um keine Biemar Holz Promo zu verpassen, k\u00f6nnen Sie sich auch f\u00fcr den Newsletter anmelden und unsere Mitteilungen verfolgen. Dies ist der beste Weg, um \u00fcber neue Sonderangebote, Ausverk\u00e4ufe oder spezielle Rabatte informiert zu werden. <\/p>\n\n<p>BRAUCHEN SIE HILFE ODER BERATUNG VOR DEM KAUF?<\/p>\n\n<p>Wenn Sie eine technische Beratung w\u00fcnschen (Ma\u00dfe, Zubeh\u00f6r, Verlegung, Kompatibilit\u00e4t), wenden Sie sich an unser Team: Sie vermeiden Fehler, sparen Zeit und k\u00f6nnen Ihren Promo Biemar Holz in vollen Z\u00fcgen genie\u00dfen.<\/p>\n\n<p>N\u00dcTZLICHE LINKS (anklickbar)<\/p>\n\n<p>- Promoseite: https: <a href=\"https:\/\/biemar.be\/de\/die-promos-biemar-bois\/\">\/\/biemar.be\/les-promos-biemar-bois\/<\/a><\/p>\n\n<p>- Eshop: https: <a href=\"https:\/\/webshop.biemar.be\/\">\/\/webshop.biemar.be\/<\/a><\/p>\n\n<p>- Produkte: https: <a href=\"https:\/\/biemar.be\/de\/produkte\/\">\/\/biemar.be\/produits\/<\/a><\/p>\n\n<p>- Dienstleistungen (Lieferung, Abholung usw.): https: <a href=\"https:\/\/biemar.be\/de\/dienste\/\">\/\/biemar.be\/services\/<\/a><\/p>\n\n<p>- FAQ: https: <a href=\"https:\/\/biemar.be\/de\/faq\/\">\/\/biemar.be\/faq\/<\/a><\/p>\n\n<p>- Kontakt: https: <a href=\"https:\/\/biemar.be\/de\/kontakt\/\">\/\/biemar.be\/contact-biemar-bois\/<\/a><\/p>\n\n<p><\/p>\n","protected":false},"excerpt":{"rendered":"<p>Willkommen auf der Seite &#8222;Promo Biemar Holz&#8220;. Hier finden Sie unsere aktuellen Angebote: Sonderangebote, Lagerr\u00e4umungen und Ausverk\u00e4ufe einer Auswahl von Produkten. Die Angebote werden in begrenzter Menge angeboten und gelten nur, solange der Vorrat reicht: Wenn Sie sich f\u00fcr ein Produkt interessieren, kontaktieren Sie uns am besten schnell. Direkter Zugang (anklickbar) : WIE KANN ICH [&hellip;]<\/p>\n","protected":false},"author":1,"featured_media":52112,"parent":0,"menu_order":0,"comment_status":"closed","ping_status":"closed","template":"builder.php","meta":{"_acf_changed":false,"footnotes":""},"class_list":["post-52111","page","type-page","status-publish","has-post-thumbnail","hentry"],"acf":[],"yoast_head":"<!-- This site is optimized with the Yoast SEO plugin v27.3 - https:\/\/yoast.com\/product\/yoast-seo-wordpress\/ -->\n<title>Promo Biemar Holz | Sonderangebote, Lagerr\u00e4umung &amp; Ausverkauf (begrenzte Angebote)<\/title>\n<meta name=\"description\" content=\"Hier finden Sie die Promo Biemar Bois: Sonderangebote, Lagerr\u00e4umungen und Ausverk\u00e4ufe einer Auswahl von Produkten (z. B. Fassadenverkleidung, Bedachung). Angebote nur solange der Vorrat reicht.\" \/>\n<meta name=\"robots\" content=\"index, follow, max-snippet:-1, max-image-preview:large, max-video-preview:-1\" \/>\n<link rel=\"canonical\" href=\"https:\/\/biemar.be\/de\/die-promos-biemar-bois\/\" \/>\n<meta property=\"og:locale\" content=\"de_DE\" \/>\n<meta property=\"og:type\" content=\"article\" \/>\n<meta property=\"og:title\" content=\"Promo Biemar Holz | Sonderangebote, Lagerr\u00e4umung &amp; Ausverkauf (begrenzte Angebote)\" \/>\n<meta property=\"og:description\" content=\"Hier finden Sie die Promo Biemar Bois: Sonderangebote, Lagerr\u00e4umungen und Ausverk\u00e4ufe einer Auswahl von Produkten (z. B. Fassadenverkleidung, Bedachung). Angebote nur solange der Vorrat reicht.\" \/>\n<meta property=\"og:url\" content=\"https:\/\/biemar.be\/de\/die-promos-biemar-bois\/\" \/>\n<meta property=\"og:site_name\" content=\"Biemar Bois\" \/>\n<meta property=\"article:publisher\" content=\"https:\/\/www.facebook.com\/BiemarBois\" \/>\n<meta property=\"article:modified_time\" content=\"2026-01-29T09:46:25+00:00\" \/>\n<meta property=\"og:image\" content=\"https:\/\/biemar.be\/wp-content\/uploads\/2023\/09\/promos.jpg\" \/>\n\t<meta property=\"og:image:width\" content=\"1604\" \/>\n\t<meta property=\"og:image:height\" content=\"249\" \/>\n\t<meta property=\"og:image:type\" content=\"image\/jpeg\" \/>\n<meta name=\"twitter:card\" content=\"summary_large_image\" \/>\n<meta name=\"twitter:label1\" content=\"Gesch\u00e4tzte Lesezeit\" \/>\n\t<meta name=\"twitter:data1\" content=\"3\u00a0Minute\" \/>\n<script type=\"application\/ld+json\" class=\"yoast-schema-graph\">{\"@context\":\"https:\\\/\\\/schema.org\",\"@graph\":[{\"@type\":\"WebPage\",\"@id\":\"https:\\\/\\\/biemar.be\\\/de\\\/die-promos-biemar-bois\\\/\",\"url\":\"https:\\\/\\\/biemar.be\\\/de\\\/die-promos-biemar-bois\\\/\",\"name\":\"Promo Biemar Holz | Sonderangebote, Lagerr\u00e4umung & Ausverkauf (begrenzte Angebote)\",\"isPartOf\":{\"@id\":\"https:\\\/\\\/biemar.be\\\/#website\"},\"primaryImageOfPage\":{\"@id\":\"https:\\\/\\\/biemar.be\\\/de\\\/die-promos-biemar-bois\\\/#primaryimage\"},\"image\":{\"@id\":\"https:\\\/\\\/biemar.be\\\/de\\\/die-promos-biemar-bois\\\/#primaryimage\"},\"thumbnailUrl\":\"https:\\\/\\\/biemar.be\\\/wp-content\\\/uploads\\\/2023\\\/09\\\/promos.jpg\",\"datePublished\":\"2023-09-15T06:54:19+00:00\",\"dateModified\":\"2026-01-29T09:46:25+00:00\",\"description\":\"Hier finden Sie die Promo Biemar Bois: Sonderangebote, Lagerr\u00e4umungen und Ausverk\u00e4ufe einer Auswahl von Produkten (z. B. Fassadenverkleidung, Bedachung). Angebote nur solange der Vorrat reicht.\",\"inLanguage\":\"de\",\"potentialAction\":[{\"@type\":\"ReadAction\",\"target\":[\"https:\\\/\\\/biemar.be\\\/de\\\/die-promos-biemar-bois\\\/\"]}]},{\"@type\":\"ImageObject\",\"inLanguage\":\"de\",\"@id\":\"https:\\\/\\\/biemar.be\\\/de\\\/die-promos-biemar-bois\\\/#primaryimage\",\"url\":\"https:\\\/\\\/biemar.be\\\/wp-content\\\/uploads\\\/2023\\\/09\\\/promos.jpg\",\"contentUrl\":\"https:\\\/\\\/biemar.be\\\/wp-content\\\/uploads\\\/2023\\\/09\\\/promos.jpg\",\"width\":1604,\"height\":249,\"caption\":\"promos\"},{\"@type\":\"WebSite\",\"@id\":\"https:\\\/\\\/biemar.be\\\/#website\",\"url\":\"https:\\\/\\\/biemar.be\\\/\",\"name\":\"Biemar Bois\",\"description\":\"Des conseils particuli\u00e8rement pro\",\"publisher\":{\"@id\":\"https:\\\/\\\/biemar.be\\\/#organization\"},\"potentialAction\":[{\"@type\":\"SearchAction\",\"target\":{\"@type\":\"EntryPoint\",\"urlTemplate\":\"https:\\\/\\\/biemar.be\\\/?s={search_term_string}\"},\"query-input\":{\"@type\":\"PropertyValueSpecification\",\"valueRequired\":true,\"valueName\":\"search_term_string\"}}],\"inLanguage\":\"de\"},{\"@type\":\"Organization\",\"@id\":\"https:\\\/\\\/biemar.be\\\/#organization\",\"name\":\"Biemar Bois\",\"url\":\"https:\\\/\\\/biemar.be\\\/\",\"logo\":{\"@type\":\"ImageObject\",\"inLanguage\":\"de\",\"@id\":\"https:\\\/\\\/biemar.be\\\/#\\\/schema\\\/logo\\\/image\\\/\",\"url\":\"https:\\\/\\\/biemar.be\\\/wp-content\\\/uploads\\\/2024\\\/01\\\/cropped-fav.jpg\",\"contentUrl\":\"https:\\\/\\\/biemar.be\\\/wp-content\\\/uploads\\\/2024\\\/01\\\/cropped-fav.jpg\",\"width\":512,\"height\":512,\"caption\":\"Biemar Bois\"},\"image\":{\"@id\":\"https:\\\/\\\/biemar.be\\\/#\\\/schema\\\/logo\\\/image\\\/\"},\"sameAs\":[\"https:\\\/\\\/www.facebook.com\\\/BiemarBois\"]}]}<\/script>\n<!-- \/ Yoast SEO plugin. -->","yoast_head_json":{"title":"Promo Biemar Holz | Sonderangebote, Lagerr\u00e4umung & Ausverkauf (begrenzte Angebote)","description":"Hier finden Sie die Promo Biemar Bois: Sonderangebote, Lagerr\u00e4umungen und Ausverk\u00e4ufe einer Auswahl von Produkten (z. B. Fassadenverkleidung, Bedachung). Angebote nur solange der Vorrat reicht.","robots":{"index":"index","follow":"follow","max-snippet":"max-snippet:-1","max-image-preview":"max-image-preview:large","max-video-preview":"max-video-preview:-1"},"canonical":"https:\/\/biemar.be\/de\/die-promos-biemar-bois\/","og_locale":"de_DE","og_type":"article","og_title":"Promo Biemar Holz | Sonderangebote, Lagerr\u00e4umung & Ausverkauf (begrenzte Angebote)","og_description":"Hier finden Sie die Promo Biemar Bois: Sonderangebote, Lagerr\u00e4umungen und Ausverk\u00e4ufe einer Auswahl von Produkten (z. B. Fassadenverkleidung, Bedachung). Angebote nur solange der Vorrat reicht.","og_url":"https:\/\/biemar.be\/de\/die-promos-biemar-bois\/","og_site_name":"Biemar Bois","article_publisher":"https:\/\/www.facebook.com\/BiemarBois","article_modified_time":"2026-01-29T09:46:25+00:00","og_image":[{"width":1604,"height":249,"url":"https:\/\/biemar.be\/wp-content\/uploads\/2023\/09\/promos.jpg","type":"image\/jpeg"}],"twitter_card":"summary_large_image","twitter_misc":{"Gesch\u00e4tzte Lesezeit":"3\u00a0Minute"},"schema":{"@context":"https:\/\/schema.org","@graph":[{"@type":"WebPage","@id":"https:\/\/biemar.be\/de\/die-promos-biemar-bois\/","url":"https:\/\/biemar.be\/de\/die-promos-biemar-bois\/","name":"Promo Biemar Holz | Sonderangebote, Lagerr\u00e4umung & Ausverkauf (begrenzte Angebote)","isPartOf":{"@id":"https:\/\/biemar.be\/#website"},"primaryImageOfPage":{"@id":"https:\/\/biemar.be\/de\/die-promos-biemar-bois\/#primaryimage"},"image":{"@id":"https:\/\/biemar.be\/de\/die-promos-biemar-bois\/#primaryimage"},"thumbnailUrl":"https:\/\/biemar.be\/wp-content\/uploads\/2023\/09\/promos.jpg","datePublished":"2023-09-15T06:54:19+00:00","dateModified":"2026-01-29T09:46:25+00:00","description":"Hier finden Sie die Promo Biemar Bois: Sonderangebote, Lagerr\u00e4umungen und Ausverk\u00e4ufe einer Auswahl von Produkten (z. B. Fassadenverkleidung, Bedachung). Angebote nur solange der Vorrat reicht.","inLanguage":"de","potentialAction":[{"@type":"ReadAction","target":["https:\/\/biemar.be\/de\/die-promos-biemar-bois\/"]}]},{"@type":"ImageObject","inLanguage":"de","@id":"https:\/\/biemar.be\/de\/die-promos-biemar-bois\/#primaryimage","url":"https:\/\/biemar.be\/wp-content\/uploads\/2023\/09\/promos.jpg","contentUrl":"https:\/\/biemar.be\/wp-content\/uploads\/2023\/09\/promos.jpg","width":1604,"height":249,"caption":"promos"},{"@type":"WebSite","@id":"https:\/\/biemar.be\/#website","url":"https:\/\/biemar.be\/","name":"Biemar Bois","description":"Des conseils particuli\u00e8rement pro","publisher":{"@id":"https:\/\/biemar.be\/#organization"},"potentialAction":[{"@type":"SearchAction","target":{"@type":"EntryPoint","urlTemplate":"https:\/\/biemar.be\/?s={search_term_string}"},"query-input":{"@type":"PropertyValueSpecification","valueRequired":true,"valueName":"search_term_string"}}],"inLanguage":"de"},{"@type":"Organization","@id":"https:\/\/biemar.be\/#organization","name":"Biemar Bois","url":"https:\/\/biemar.be\/","logo":{"@type":"ImageObject","inLanguage":"de","@id":"https:\/\/biemar.be\/#\/schema\/logo\/image\/","url":"https:\/\/biemar.be\/wp-content\/uploads\/2024\/01\/cropped-fav.jpg","contentUrl":"https:\/\/biemar.be\/wp-content\/uploads\/2024\/01\/cropped-fav.jpg","width":512,"height":512,"caption":"Biemar Bois"},"image":{"@id":"https:\/\/biemar.be\/#\/schema\/logo\/image\/"},"sameAs":["https:\/\/www.facebook.com\/BiemarBois"]}]}},"_links":{"self":[{"href":"https:\/\/biemar.be\/de\/wp-json\/wp\/v2\/pages\/52111","targetHints":{"allow":["GET"]}}],"collection":[{"href":"https:\/\/biemar.be\/de\/wp-json\/wp\/v2\/pages"}],"about":[{"href":"https:\/\/biemar.be\/de\/wp-json\/wp\/v2\/types\/page"}],"author":[{"embeddable":true,"href":"https:\/\/biemar.be\/de\/wp-json\/wp\/v2\/users\/1"}],"replies":[{"embeddable":true,"href":"https:\/\/biemar.be\/de\/wp-json\/wp\/v2\/comments?post=52111"}],"version-history":[{"count":0,"href":"https:\/\/biemar.be\/de\/wp-json\/wp\/v2\/pages\/52111\/revisions"}],"wp:featuredmedia":[{"embeddable":true,"href":"https:\/\/biemar.be\/de\/wp-json\/wp\/v2\/media\/52112"}],"wp:attachment":[{"href":"https:\/\/biemar.be\/de\/wp-json\/wp\/v2\/media?parent=52111"}],"curies":[{"name":"wp","href":"https:\/\/api.w.org\/{rel}","templated":true}]}}