{"id":51760,"date":"2022-02-02T16:25:10","date_gmt":"2022-02-02T15:25:10","guid":{"rendered":"https:\/\/biemar.be\/fichte\/"},"modified":"2026-03-24T09:37:13","modified_gmt":"2026-03-24T08:37:13","slug":"fichte","status":"publish","type":"page","link":"https:\/\/biemar.be\/de\/produkte\/holz\/nadelholz\/fichte\/","title":{"rendered":"Fichte"},"content":{"rendered":"","protected":false},"excerpt":{"rendered":"","protected":false},"author":1,"featured_media":51664,"parent":55176,"menu_order":5,"comment_status":"closed","ping_status":"closed","template":"sub-sub-product-page.php","meta":{"_acf_changed":false,"footnotes":""},"class_list":["post-51760","page","type-page","status-publish","has-post-thumbnail","hentry"],"acf":[],"yoast_head":"<!-- This site is optimized with the Yoast SEO plugin v27.3 - https:\/\/yoast.com\/product\/yoast-seo-wordpress\/ -->\n<title>Fichte | Nadelholz | Biemar Holz<\/title>\n<meta name=\"description\" content=\"Fichte oder Landtanne ist ein frisches Holz, das haupts\u00e4chlich f\u00fcr nicht sichtbare Dachst\u00fchle verwendet wird. Sie ist die kosteng\u00fcnstigste L\u00f6sung.\" \/>\n<meta name=\"robots\" content=\"index, follow, max-snippet:-1, max-image-preview:large, max-video-preview:-1\" \/>\n<link rel=\"canonical\" href=\"https:\/\/biemar.be\/de\/produkte\/holz\/nadelholz\/fichte\/\" \/>\n<meta property=\"og:locale\" content=\"de_DE\" \/>\n<meta property=\"og:type\" content=\"article\" \/>\n<meta property=\"og:title\" content=\"Fichte | Nadelholz | Biemar Holz\" \/>\n<meta property=\"og:description\" content=\"Fichte oder Landtanne ist ein frisches Holz, das haupts\u00e4chlich f\u00fcr nicht sichtbare Dachst\u00fchle verwendet wird. Sie ist die kosteng\u00fcnstigste L\u00f6sung.\" \/>\n<meta property=\"og:url\" content=\"https:\/\/biemar.be\/de\/produkte\/holz\/nadelholz\/fichte\/\" \/>\n<meta property=\"og:site_name\" content=\"Biemar Bois\" \/>\n<meta property=\"article:publisher\" content=\"https:\/\/www.facebook.com\/BiemarBois\" \/>\n<meta property=\"article:modified_time\" content=\"2026-03-24T08:37:13+00:00\" \/>\n<meta property=\"og:image\" content=\"https:\/\/biemar.be\/wp-content\/uploads\/2022\/02\/annie-spratt-30-kgk7KS9E-unsplash-768x1024.png\" \/>\n\t<meta property=\"og:image:width\" content=\"768\" \/>\n\t<meta property=\"og:image:height\" content=\"1024\" \/>\n\t<meta property=\"og:image:type\" content=\"image\/png\" \/>\n<meta name=\"twitter:card\" content=\"summary_large_image\" \/>\n<script type=\"application\/ld+json\" class=\"yoast-schema-graph\">{\"@context\":\"https:\\\/\\\/schema.org\",\"@graph\":[{\"@type\":\"WebPage\",\"@id\":\"https:\\\/\\\/biemar.be\\\/de\\\/produkte\\\/holz\\\/nadelholz\\\/fichte\\\/\",\"url\":\"https:\\\/\\\/biemar.be\\\/de\\\/produkte\\\/holz\\\/nadelholz\\\/fichte\\\/\",\"name\":\"Fichte | Nadelholz | Biemar Holz\",\"isPartOf\":{\"@id\":\"https:\\\/\\\/biemar.be\\\/#website\"},\"primaryImageOfPage\":{\"@id\":\"https:\\\/\\\/biemar.be\\\/de\\\/produkte\\\/holz\\\/nadelholz\\\/fichte\\\/#primaryimage\"},\"image\":{\"@id\":\"https:\\\/\\\/biemar.be\\\/de\\\/produkte\\\/holz\\\/nadelholz\\\/fichte\\\/#primaryimage\"},\"thumbnailUrl\":\"https:\\\/\\\/biemar.be\\\/wp-content\\\/uploads\\\/2022\\\/02\\\/annie-spratt-30-kgk7KS9E-unsplash.png\",\"datePublished\":\"2022-02-02T15:25:10+00:00\",\"dateModified\":\"2026-03-24T08:37:13+00:00\",\"description\":\"Fichte oder Landtanne ist ein frisches Holz, das haupts\u00e4chlich f\u00fcr nicht sichtbare Dachst\u00fchle verwendet wird. Sie ist die kosteng\u00fcnstigste L\u00f6sung.\",\"breadcrumb\":{\"@id\":\"https:\\\/\\\/biemar.be\\\/de\\\/produkte\\\/holz\\\/nadelholz\\\/fichte\\\/#breadcrumb\"},\"inLanguage\":\"de\",\"potentialAction\":[{\"@type\":\"ReadAction\",\"target\":[\"https:\\\/\\\/biemar.be\\\/de\\\/produkte\\\/holz\\\/nadelholz\\\/fichte\\\/\"]}]},{\"@type\":\"ImageObject\",\"inLanguage\":\"de\",\"@id\":\"https:\\\/\\\/biemar.be\\\/de\\\/produkte\\\/holz\\\/nadelholz\\\/fichte\\\/#primaryimage\",\"url\":\"https:\\\/\\\/biemar.be\\\/wp-content\\\/uploads\\\/2022\\\/02\\\/annie-spratt-30-kgk7KS9E-unsplash.png\",\"contentUrl\":\"https:\\\/\\\/biemar.be\\\/wp-content\\\/uploads\\\/2022\\\/02\\\/annie-spratt-30-kgk7KS9E-unsplash.png\",\"width\":1440,\"height\":1920,\"caption\":\"annie spratt 30 kgk7KS9E unsplash\"},{\"@type\":\"BreadcrumbList\",\"@id\":\"https:\\\/\\\/biemar.be\\\/de\\\/produkte\\\/holz\\\/nadelholz\\\/fichte\\\/#breadcrumb\",\"itemListElement\":[{\"@type\":\"ListItem\",\"position\":1,\"name\":\"Produkte\",\"item\":\"https:\\\/\\\/biemar.be\\\/de\\\/produkte\\\/\"},{\"@type\":\"ListItem\",\"position\":2,\"name\":\"Holz\",\"item\":\"https:\\\/\\\/biemar.be\\\/de\\\/produkte\\\/holz\\\/\"},{\"@type\":\"ListItem\",\"position\":3,\"name\":\"Nadelholz\",\"item\":\"https:\\\/\\\/biemar.be\\\/de\\\/produkte\\\/holz\\\/nadelholz\\\/\"},{\"@type\":\"ListItem\",\"position\":4,\"name\":\"Fichte\"}]},{\"@type\":\"WebSite\",\"@id\":\"https:\\\/\\\/biemar.be\\\/#website\",\"url\":\"https:\\\/\\\/biemar.be\\\/\",\"name\":\"Biemar Bois\",\"description\":\"Des conseils particuli\u00e8rement pro\",\"publisher\":{\"@id\":\"https:\\\/\\\/biemar.be\\\/#organization\"},\"potentialAction\":[{\"@type\":\"SearchAction\",\"target\":{\"@type\":\"EntryPoint\",\"urlTemplate\":\"https:\\\/\\\/biemar.be\\\/?s={search_term_string}\"},\"query-input\":{\"@type\":\"PropertyValueSpecification\",\"valueRequired\":true,\"valueName\":\"search_term_string\"}}],\"inLanguage\":\"de\"},{\"@type\":\"Organization\",\"@id\":\"https:\\\/\\\/biemar.be\\\/#organization\",\"name\":\"Biemar Bois\",\"url\":\"https:\\\/\\\/biemar.be\\\/\",\"logo\":{\"@type\":\"ImageObject\",\"inLanguage\":\"de\",\"@id\":\"https:\\\/\\\/biemar.be\\\/#\\\/schema\\\/logo\\\/image\\\/\",\"url\":\"https:\\\/\\\/biemar.be\\\/wp-content\\\/uploads\\\/2024\\\/01\\\/cropped-fav.jpg\",\"contentUrl\":\"https:\\\/\\\/biemar.be\\\/wp-content\\\/uploads\\\/2024\\\/01\\\/cropped-fav.jpg\",\"width\":512,\"height\":512,\"caption\":\"Biemar Bois\"},\"image\":{\"@id\":\"https:\\\/\\\/biemar.be\\\/#\\\/schema\\\/logo\\\/image\\\/\"},\"sameAs\":[\"https:\\\/\\\/www.facebook.com\\\/BiemarBois\"]}]}<\/script>\n<!-- \/ Yoast SEO plugin. -->","yoast_head_json":{"title":"Fichte | Nadelholz | Biemar Holz","description":"Fichte oder Landtanne ist ein frisches Holz, das haupts\u00e4chlich f\u00fcr nicht sichtbare Dachst\u00fchle verwendet wird. Sie ist die kosteng\u00fcnstigste L\u00f6sung.","robots":{"index":"index","follow":"follow","max-snippet":"max-snippet:-1","max-image-preview":"max-image-preview:large","max-video-preview":"max-video-preview:-1"},"canonical":"https:\/\/biemar.be\/de\/produkte\/holz\/nadelholz\/fichte\/","og_locale":"de_DE","og_type":"article","og_title":"Fichte | Nadelholz | Biemar Holz","og_description":"Fichte oder Landtanne ist ein frisches Holz, das haupts\u00e4chlich f\u00fcr nicht sichtbare Dachst\u00fchle verwendet wird. Sie ist die kosteng\u00fcnstigste L\u00f6sung.","og_url":"https:\/\/biemar.be\/de\/produkte\/holz\/nadelholz\/fichte\/","og_site_name":"Biemar Bois","article_publisher":"https:\/\/www.facebook.com\/BiemarBois","article_modified_time":"2026-03-24T08:37:13+00:00","og_image":[{"width":768,"height":1024,"url":"https:\/\/biemar.be\/wp-content\/uploads\/2022\/02\/annie-spratt-30-kgk7KS9E-unsplash-768x1024.png","type":"image\/png"}],"twitter_card":"summary_large_image","schema":{"@context":"https:\/\/schema.org","@graph":[{"@type":"WebPage","@id":"https:\/\/biemar.be\/de\/produkte\/holz\/nadelholz\/fichte\/","url":"https:\/\/biemar.be\/de\/produkte\/holz\/nadelholz\/fichte\/","name":"Fichte | Nadelholz | Biemar Holz","isPartOf":{"@id":"https:\/\/biemar.be\/#website"},"primaryImageOfPage":{"@id":"https:\/\/biemar.be\/de\/produkte\/holz\/nadelholz\/fichte\/#primaryimage"},"image":{"@id":"https:\/\/biemar.be\/de\/produkte\/holz\/nadelholz\/fichte\/#primaryimage"},"thumbnailUrl":"https:\/\/biemar.be\/wp-content\/uploads\/2022\/02\/annie-spratt-30-kgk7KS9E-unsplash.png","datePublished":"2022-02-02T15:25:10+00:00","dateModified":"2026-03-24T08:37:13+00:00","description":"Fichte oder Landtanne ist ein frisches Holz, das haupts\u00e4chlich f\u00fcr nicht sichtbare Dachst\u00fchle verwendet wird. Sie ist die kosteng\u00fcnstigste L\u00f6sung.","breadcrumb":{"@id":"https:\/\/biemar.be\/de\/produkte\/holz\/nadelholz\/fichte\/#breadcrumb"},"inLanguage":"de","potentialAction":[{"@type":"ReadAction","target":["https:\/\/biemar.be\/de\/produkte\/holz\/nadelholz\/fichte\/"]}]},{"@type":"ImageObject","inLanguage":"de","@id":"https:\/\/biemar.be\/de\/produkte\/holz\/nadelholz\/fichte\/#primaryimage","url":"https:\/\/biemar.be\/wp-content\/uploads\/2022\/02\/annie-spratt-30-kgk7KS9E-unsplash.png","contentUrl":"https:\/\/biemar.be\/wp-content\/uploads\/2022\/02\/annie-spratt-30-kgk7KS9E-unsplash.png","width":1440,"height":1920,"caption":"annie spratt 30 kgk7KS9E unsplash"},{"@type":"BreadcrumbList","@id":"https:\/\/biemar.be\/de\/produkte\/holz\/nadelholz\/fichte\/#breadcrumb","itemListElement":[{"@type":"ListItem","position":1,"name":"Produkte","item":"https:\/\/biemar.be\/de\/produkte\/"},{"@type":"ListItem","position":2,"name":"Holz","item":"https:\/\/biemar.be\/de\/produkte\/holz\/"},{"@type":"ListItem","position":3,"name":"Nadelholz","item":"https:\/\/biemar.be\/de\/produkte\/holz\/nadelholz\/"},{"@type":"ListItem","position":4,"name":"Fichte"}]},{"@type":"WebSite","@id":"https:\/\/biemar.be\/#website","url":"https:\/\/biemar.be\/","name":"Biemar Bois","description":"Des conseils particuli\u00e8rement pro","publisher":{"@id":"https:\/\/biemar.be\/#organization"},"potentialAction":[{"@type":"SearchAction","target":{"@type":"EntryPoint","urlTemplate":"https:\/\/biemar.be\/?s={search_term_string}"},"query-input":{"@type":"PropertyValueSpecification","valueRequired":true,"valueName":"search_term_string"}}],"inLanguage":"de"},{"@type":"Organization","@id":"https:\/\/biemar.be\/#organization","name":"Biemar Bois","url":"https:\/\/biemar.be\/","logo":{"@type":"ImageObject","inLanguage":"de","@id":"https:\/\/biemar.be\/#\/schema\/logo\/image\/","url":"https:\/\/biemar.be\/wp-content\/uploads\/2024\/01\/cropped-fav.jpg","contentUrl":"https:\/\/biemar.be\/wp-content\/uploads\/2024\/01\/cropped-fav.jpg","width":512,"height":512,"caption":"Biemar Bois"},"image":{"@id":"https:\/\/biemar.be\/#\/schema\/logo\/image\/"},"sameAs":["https:\/\/www.facebook.com\/BiemarBois"]}]}},"_links":{"self":[{"href":"https:\/\/biemar.be\/de\/wp-json\/wp\/v2\/pages\/51760","targetHints":{"allow":["GET"]}}],"collection":[{"href":"https:\/\/biemar.be\/de\/wp-json\/wp\/v2\/pages"}],"about":[{"href":"https:\/\/biemar.be\/de\/wp-json\/wp\/v2\/types\/page"}],"author":[{"embeddable":true,"href":"https:\/\/biemar.be\/de\/wp-json\/wp\/v2\/users\/1"}],"replies":[{"embeddable":true,"href":"https:\/\/biemar.be\/de\/wp-json\/wp\/v2\/comments?post=51760"}],"version-history":[{"count":0,"href":"https:\/\/biemar.be\/de\/wp-json\/wp\/v2\/pages\/51760\/revisions"}],"up":[{"embeddable":true,"href":"https:\/\/biemar.be\/de\/wp-json\/wp\/v2\/pages\/55176"}],"wp:featuredmedia":[{"embeddable":true,"href":"https:\/\/biemar.be\/de\/wp-json\/wp\/v2\/media\/51664"}],"wp:attachment":[{"href":"https:\/\/biemar.be\/de\/wp-json\/wp\/v2\/media?parent=51760"}],"curies":[{"name":"wp","href":"https:\/\/api.w.org\/{rel}","templated":true}]}}