{"id":51651,"date":"2021-09-13T08:54:18","date_gmt":"2021-09-13T06:54:18","guid":{"rendered":"https:\/\/biemar.be\/kontakt\/"},"modified":"2026-03-24T09:37:04","modified_gmt":"2026-03-24T08:37:04","slug":"kontakt","status":"publish","type":"page","link":"https:\/\/biemar.be\/de\/kontakt\/","title":{"rendered":"KONTAKT"},"content":{"rendered":"\n<p>M\u00f6chten Sie Informationen \u00fcber unsere verschiedenen Produktreihen oder \u00fcber ein bestimmtes Produkt erhalten? Sie haben ein Projekt und m\u00f6chten einen kostenlosen Kostenvoranschlag erhalten? Kontaktieren Sie Biemar und profitieren Sie von einer besonders professionellen Beratung.  <\/p>\n\n<h2 class=\"wp-block-heading\">Direkter Zugang :<\/h2>\n\n<figure class=\"wp-block-embed is-type-wp-embed is-provider-biemar-bois wp-block-embed-biemar-bois\"><div class=\"wp-block-embed__wrapper\">\n<blockquote class=\"wp-embedded-content\" data-secret=\"34Y1700aAd\"><a href=\"https:\/\/biemar.be\/contact-biemar-bois\/\">CONTACT<\/a><\/blockquote><iframe class=\"wp-embedded-content\" sandbox=\"allow-scripts\" security=\"restricted\" style=\"position: absolute; visibility: hidden;\" title=\"&#8222;CONTACT&#8220; &#8211; Biemar Bois\" src=\"https:\/\/biemar.be\/contact-biemar-bois\/embed\/#?secret=140mWfaXTG#?secret=34Y1700aAd\" data-secret=\"34Y1700aAd\" width=\"600\" height=\"338\" frameborder=\"0\" marginwidth=\"0\" marginheight=\"0\" scrolling=\"no\"><\/iframe>\n<\/div><\/figure>\n\n<h2 class=\"wp-block-heading\">UM IHREN ANTRAG ZU BESCHLEUNIGEN (PRAKTISCHE TIPPS)<\/h2>\n\n<p>F\u00fcr eine schnelle Bearbeitung denken Sie bitte an die Angabe :<\/p>\n\n<p>- das betreffende Produkt \/ die betreffende Produktreihe (Holz, Platten, T\u00fcren, Parkett, Eisenwaren, Dach, Isolierung usw.).<\/p>\n\n<p>- die Abmessungen \/ Mengen \/ Referenzen, falls Sie diese haben<\/p>\n\n<p>- die Nutzung (innen\/au\u00dfen) und die Einschr\u00e4nkungen (Baustelle, Fristen, Zugang)<\/p>\n\n<p>- und bei Bedarf ein n\u00fctzliches Dokument beizuf\u00fcgen (Foto, Plan, Skizze, Referenz)<\/p>\n\n<h2 class=\"wp-block-heading\">ALLGEMEINE KONTAKTE (STANDORTE &amp; \u00d6FFNUNGSZEITEN)<\/h2>\n\n<h3 class=\"wp-block-heading\">SOUMAGNE<\/h3>\n\n<p>Adresse: Rue de la Cl\u00e9, 57 - B-4630 Soumagne<\/p>\n\n<p>Telefon: +32 (0)4 377 94 94<\/p>\n\n<p>E-Mail: info@biemar.be<\/p>\n\n<p>\u00d6ffnungszeiten: Montag bis Freitag 7.30-12.00 Uhr \/ 13.00-17.30 Uhr | Samstag 8.00-12.00 Uhr | Sonntag geschlossen<\/p>\n\n<h3 class=\"wp-block-heading\">MALMEDY<\/h3>\n\n<p>Adresse: Route de Waimes, 90 - B-4960 Malmedy<\/p>\n\n<p>Telefon: +32 (0)80 79 97 97<\/p>\n\n<p>E-Mail: info@biemar.be<\/p>\n\n<p>\u00d6ffnungszeiten: Montag bis Freitag 8.00-12.00 Uhr \/ 13.00-17.30 Uhr | Samstag 8.00-12.00 Uhr | Sonntag geschlossen<\/p>\n\n<h2 class=\"wp-block-heading\">DIREKTE E-MAILS (JE NACH BEDARF)<\/h2>\n\n<p>- SAV (After-Sales-Service): sav@biemar.be<\/p>\n\n<p>- Transport \/ Lieferungen: transport@biemar.be<\/p>\n\n<p>- Human Resources\/Jobs: jobs@biemar.be<\/p>\n\n<p>- Marketing &amp; Kommunikation: marketing@biemar.be<\/p>\n\n<p>- Buchhaltung: compta@biemar.be<\/p>\n\n<h3 class=\"wp-block-heading\">DIREKTE KONTAKTE - MALMEDY<\/h3>\n\n<p>CHRISTIANS Loic - Verkaufsabteilung (T\u00fcren, Parkett)<br\/>Tel.: +32 (0)80 79 97 96 | Email: loic.christian@biemar.be <\/p>\n\n<p>GEIBEN Fernand - Verkaufsabteilung (Holz &amp; Derivate)<br\/>Tel.: +32 (0)80 79 97 01 | Email: fernand.geiben@biemar.be <\/p>\n\n<p>HALL-BRUNTON Nicholas - Handelsvertreter (Eisenwaren)<br\/>Tel.: +32 473 13 25 63 | Email: nicholas@biemar.be <\/p>\n\n<p>HERMANN David - Verkaufsabteilung (Holz &amp; Holzwerkstoffe, Fassade)<br\/>Tel.: +32 (0)80 79 97 02 | Email: david.hermann@biemar.be <\/p>\n\n<p>ISTACE Maureen - Verkaufsabteilung (Eisenwaren)<br\/>Tel.: +32 (0)80 79 97 98 | Email: maureen.istace@biemar.be <\/p>\n\n<p>K\u00d6NIGSTEIN Eric - Handelsvertreter (Malmedy)<br\/>Tel.: +32 473 80 26 85 | Email: eric.koenigstein@biemar.be <\/p>\n\n<p>LEDUR Judith - Empfang, Inkasso, Kundenfakturierung<br\/>Tel.: +32 (0)80 79 97 97 | Email: judith.ledur@biemar.be <\/p>\n\n<p>LEGER Maxime - Verkaufsabteilung (Holz &amp; Derivate)<br\/>Tel.: +32 (0)80 79 97 95 | Email: maxime.leger@biemar.be <\/p>\n\n<p>LIEKENS Caroline - Verkaufsabteilung (Eisenwaren)<br\/>Tel.: +32 (0)80 79 97 53 | Email: caroline.liekens@biemar.be <\/p>\n\n<p>MICHEL Jacqueline - Adm. Kundenfakturierung, R\u00fccksendung von Waren\/Paletten<br\/>Tel.: +32 (0)80 79 97 92 | Email: jac@biemar.be  <\/p>\n\n<p>M\u00dcLLER John - Technischer &amp; kaufm\u00e4nnischer Referent (T\u00fcren)<br\/>Tel.: +32 (0)80 79 97 94 | Email: john.muller@biemar.be <\/p>\n\n<p>NAMOTTE S\u00e9bastien - Verkaufsabteilung (Eisenwaren)<br\/>Tel.: +32 (0)80 79 97 03 | Email: sebastien.namotte@biemar.be <\/p>\n\n<p>PAQUAY Steve - Vertriebsabteilung (Fertigstellung, Bau)<br\/>Tel.: +32 (0)80 79 97 26 | Email: steve.paquay@biemar.be <\/p>\n\n<p>QUETSCH John - Logistikmanager<br\/>Tel.: +32 (0)80 79 97 95 | Email: john.quetsch@biemar.be <\/p>\n\n<p>SIQUET Philippe - Verkaufsabteilung (T\u00fcren, Parkett)<br\/>Tel.: +32 (0)80 79 97 06 | Email: philippe.siquet@biemar.be <\/p>\n\n<p>SOLHEID Sylvie - Empfang, Inkasso, Kundenfakturierung, Lagerverwaltung<br\/>Tel.: +32 (0)80 85 35 90 | Email: sylvie.solheid@biemar.be <\/p>\n\n<h3 class=\"wp-block-heading\">DIREKTE KONTAKTE - SOUMAGNE (NACH DEPARTEMENT)<\/h3>\n\n<h4 class=\"wp-block-heading\">HOLZ - ISOLIERUNG - FERTIGSTELLUNG<\/h4>\n\n<p>HOCHSTENBACH Gr\u00e9gory - Verantwortlicher f\u00fcr Holz, Holzrahmenbau, Holzeinkauf<br\/>Tel.: +32 (0)4 345 73 70 | Email: gregory@biemar.be <\/p>\n\n<p>GROSJEAN Fran\u00e7ois - Vertriebsabteilung (Holzbau und Holzrahmenbau)<br\/>Tel.: +32 474 21 29 97 | Email: francois.grosjean@biemar.be <\/p>\n\n<p>LOOP Olivier - Verkaufsabteilung (Holz und Mechanisierung)<br\/>Tel.: +32 (0)4 377 95 60 | Email: olivier.loop@biemar.be <\/p>\n\n<p>K\u00d6NN Maurice - Verkaufsabteilung Show-room<br\/>Tel.: +32 (0)4 345 73 74 | Email: maurice.konn@biemar.be <\/p>\n\n<p>GUZE Marc - Verkaufsabteilung Showroom (Fertigstellung)<br\/>Tel.: +32 (0)4 377 95 61 | Email: marc.guze@biemar.be <\/p>\n\n<p>LAMBERT Thomas - Verkaufsabteilung Showroom<br\/>Tel.: +32 (0)4 377 95 64 | Email: thomas.lambert@biemar.be <\/p>\n\n<h4 class=\"wp-block-heading\">PANELE<\/h4>\n\n<p>TILKIN Serge - Verantwortlicher Panels<br\/>Tel.: +32 (0)4 220 60 24 | Email: serge.tilkin@biemar.be <\/p>\n\n<p>EL KAROUNI Sa\u00efd - Verkaufsabteilung (Paneele)<br\/>Tel.: +32 (0)4 377 95 68 | Email: said@biemar.be <\/p>\n\n<p>LOMMA Giovanni - Verkaufsabteilung (Paneele)<br\/>Tel.: +32 (0)4 377 95 62 | Email: giovanni.lomma@biemar.be <\/p>\n\n<h4 class=\"wp-block-heading\">PARKETT - T\u00c4FELUNG<\/h4>\n\n<p>ACUNZO Rapha\u00ebl - Verantwortlicher f\u00fcr Parkett, Paneele, Treppen<br\/>Tel.: +32 (0)4 345 73 79 | Email: raphael.acunzo@biemar.be <\/p>\n\n<p>SYCZEWICZ Jean-Michel - Vertriebsabteilung<br\/>Tel.: +32 (0)4 377 95 65 | Email: jeanmichel@biemar.be <\/p>\n\n<h4 class=\"wp-block-heading\">T\u00dcREN<\/h4>\n\n<p>BINASCO Rosa - Leiterin T\u00fcr<br\/>Tel.: +32 (0)4 345 73 71 | Email: rosa.binasco@biemar.be <\/p>\n\n<p>BODSON Virginie - Administrative Kunden (Fristen)<br\/>Tel.: +32 (0)4 377 95 63 | Email: virginie.bodson@biemar.be <\/p>\n\n<p>BOSTOEN Arnaud - Show-room<br\/>Tel.: +32 (0)4 345 73 73 | Email: arnaud.bostoen@biemar.be <\/p>\n\n<p>DE ROO Jean-Claude - Technischer Referent T\u00fcren<br\/>Tel.: +32 (0)4 377 94 83 | Email: jc.deroo@biemar.be <\/p>\n\n<p>GABUTTI Barbara - Technischer Kaufmann<br\/>Tel.: +32 (0)4 377 94 90 | Email: barbara.gabutti@biemar.be <\/p>\n\n<p>JOHANNS C\u00e9line - Technischer Kaufmann<br\/>Tel.: +32 (0)4 377 94 89 | Email: celine.johanns@biemar.be <\/p>\n\n<p>KEUTGEN Alexis - Technischer Kaufmann<br\/>Tel.: +32 (0)4 377 94 84 | Email: alexis.keutgen@biemar.be <\/p>\n\n<p>LALLEMAND Aline - Technico-commerciale<br\/>Tel.: +32 (0)4 220 60 29 | Email: aline.lallemand@biemar.be <\/p>\n\n<p>THYS C\u00e9line - Administrative Lieferanten (Fristen)<br\/>Tel.: +32 (0)4 220 60 22 | Email: celine.thys@biemar.be <\/p>\n\n<h4 class=\"wp-block-heading\">QUINCAILLERIE<\/h4>\n\n<p>JORIS Renaud - Leiter des Sektors Eisenwaren<br\/>Tel.: +32 (0)4 220 60 21 | Email: renaud.joris@biemar.be <\/p>\n\n<p>MINOCCI Jean-Yves - Logistikadministrator (Eisenwaren)<br\/>Tel.: +32 495 52 31 55 | Email: jy.minocci@biemar.be <\/p>\n\n<p>LESENFANTS Jonathan - Verkaufsabteilung<br\/>Tel.: +32 (0)4 377 94 91 | Email: jonathan@biemar.be <\/p>\n\n<p>WOLFS Jean-Fran\u00e7ois - Vertriebsabteilung<br\/>Tel.: +32 (0)4 345 73 72 | Email: jf.wolfs@biemar.be <\/p>\n\n<p>BODART Alexandre - Vertriebsabteilung<br\/>Tel.: +32 (0)4 377 94 95 | E-Mail: alexandre.bodart@biemar.be <\/p>\n\n<h4 class=\"wp-block-heading\">DACH - ISOLIERUNG - FASSADE<\/h4>\n\n<p>LIEGEOIS Vincent - Verantwortlicher f\u00fcr Dach, Fassade, Isolierung<br\/>Tel.: +32 (0)4 377 94 80 | Email: vincent.liegeois@biemar.be <\/p>\n\n<p>PIROTTE Martin - Holz und Dach, \u00f6ffentliche Auftr\u00e4ge<br\/>Tel.: +32 (0)4 377 94 81 | Email: martin.pirotte@biemar.be <\/p>\n\n<h4 class=\"wp-block-heading\">EXTERNE HANDELSDELEGIERTE<\/h4>\n\n<p>HALL-BRUNTON Nicholas - Eisenwaren<br\/>Tel.: +32 473 13 25 63 | Email: nicholas@biemar.be <\/p>\n\n<p>HANSON Jean-Pol - Luxemburg, GD &amp; prov.<br\/>Tel.: +32 473 33 81 86 | Email: jp.hanson@biemar.be <\/p>\n\n<p>MAGNEE Yves - L\u00fcttich<br\/>Tel.: +32 495 50 86 59 | Email: yves.magnee@biemar.be <\/p>\n\n<p>GIET Didier - L\u00fcttich &amp; Namur<br\/>Tel.: +32 489 65 76 28 | Email: didier.giet@biemar.be <\/p>\n\n<p>GERREKENS Nicolas - Brabant, Hennegau, Namur<br\/>Tel.: +32 496 30 84 38 | Email: nicolas.gerrekens@biemar.be <\/p>\n\n<p>K\u00d6NIGSTEIN Eric - Malmedy<br\/>Tel.: +32 473 80 26 85 | Email: eric.koenigstein@biemar.be <\/p>\n\n<h4 class=\"wp-block-heading\">UNTERST\u00dcTZUNGSLEISTUNGEN<\/h4>\n\n<p>Humanressourcen: jobs@biemar.be<\/p>\n\n<p>KUNDENDIENST: sav@biemar.be<\/p>\n\n<p>Kommunikation\/Marketing: marketing@biemar.be<\/p>\n\n<p>Buchhaltung: compta@biemar.be<\/p>\n\n<h4 class=\"wp-block-heading\">TRANSPORTDIENST<\/h4>\n\n<p>WAYAFFE Michael - Transport Manager <br\/>Tel.: +32 (0)4 377 95 66 | Email: transport@biemar.be <\/p>\n","protected":false},"excerpt":{"rendered":"<p>M\u00f6chten Sie Informationen \u00fcber unsere verschiedenen Produktreihen oder \u00fcber ein bestimmtes Produkt erhalten? Sie haben ein Projekt und m\u00f6chten einen kostenlosen Kostenvoranschlag erhalten? Kontaktieren Sie Biemar und profitieren Sie von einer besonders professionellen Beratung. Direkter Zugang : UM IHREN ANTRAG ZU BESCHLEUNIGEN (PRAKTISCHE TIPPS) F\u00fcr eine schnelle Bearbeitung denken Sie bitte an die Angabe : [&hellip;]<\/p>\n","protected":false},"author":1,"featured_media":51510,"parent":0,"menu_order":0,"comment_status":"closed","ping_status":"closed","template":"contact.php","meta":{"_acf_changed":false,"footnotes":""},"class_list":["post-51651","page","type-page","status-publish","has-post-thumbnail","hentry"],"acf":[],"yoast_head":"<!-- This site is optimized with the Yoast SEO plugin v27.3 - https:\/\/yoast.com\/product\/yoast-seo-wordpress\/ -->\n<title>Kontakt Biemar | Kostenloser Kostenvoranschlag, Produktinfos &amp; Direktkontakte<\/title>\n<meta name=\"description\" content=\"Ben\u00f6tigen Sie einen Kostenvoranschlag oder Produktinformationen? Kontakt Biemar: Formular, direkte Kontakte nach Abteilung, SAV, Transport, HR. Soumagne &amp; Malmedy.\" \/>\n<meta name=\"robots\" content=\"index, follow, max-snippet:-1, max-image-preview:large, max-video-preview:-1\" \/>\n<link rel=\"canonical\" href=\"https:\/\/biemar.be\/de\/kontakt\/\" \/>\n<meta property=\"og:locale\" content=\"de_DE\" \/>\n<meta property=\"og:type\" content=\"article\" \/>\n<meta property=\"og:title\" content=\"Kontakt Biemar | Kostenloser Kostenvoranschlag, Produktinfos &amp; Direktkontakte\" \/>\n<meta property=\"og:description\" content=\"Ben\u00f6tigen Sie einen Kostenvoranschlag oder Produktinformationen? Kontakt Biemar: Formular, direkte Kontakte nach Abteilung, SAV, Transport, HR. Soumagne &amp; Malmedy.\" \/>\n<meta property=\"og:url\" content=\"https:\/\/biemar.be\/de\/kontakt\/\" \/>\n<meta property=\"og:site_name\" content=\"Biemar Bois\" \/>\n<meta property=\"article:publisher\" content=\"https:\/\/www.facebook.com\/BiemarBois\" \/>\n<meta property=\"article:modified_time\" content=\"2026-03-24T08:37:04+00:00\" \/>\n<meta property=\"og:image\" content=\"https:\/\/biemar.be\/wp-content\/uploads\/2024\/01\/pexels-photomix-company-887751-scaled.jpg\" \/>\n\t<meta property=\"og:image:width\" content=\"1920\" \/>\n\t<meta property=\"og:image:height\" content=\"1280\" \/>\n\t<meta property=\"og:image:type\" content=\"image\/jpeg\" \/>\n<meta name=\"twitter:card\" content=\"summary_large_image\" \/>\n<meta name=\"twitter:label1\" content=\"Gesch\u00e4tzte Lesezeit\" \/>\n\t<meta name=\"twitter:data1\" content=\"6\u00a0Minute\" \/>\n<script type=\"application\/ld+json\" class=\"yoast-schema-graph\">{\"@context\":\"https:\\\/\\\/schema.org\",\"@graph\":[{\"@type\":\"WebPage\",\"@id\":\"https:\\\/\\\/biemar.be\\\/de\\\/kontakt\\\/\",\"url\":\"https:\\\/\\\/biemar.be\\\/de\\\/kontakt\\\/\",\"name\":\"Kontakt Biemar | Kostenloser Kostenvoranschlag, Produktinfos & Direktkontakte\",\"isPartOf\":{\"@id\":\"https:\\\/\\\/biemar.be\\\/#website\"},\"primaryImageOfPage\":{\"@id\":\"https:\\\/\\\/biemar.be\\\/de\\\/kontakt\\\/#primaryimage\"},\"image\":{\"@id\":\"https:\\\/\\\/biemar.be\\\/de\\\/kontakt\\\/#primaryimage\"},\"thumbnailUrl\":\"https:\\\/\\\/biemar.be\\\/wp-content\\\/uploads\\\/2024\\\/01\\\/pexels-photomix-company-887751-scaled.jpg\",\"datePublished\":\"2021-09-13T06:54:18+00:00\",\"dateModified\":\"2026-03-24T08:37:04+00:00\",\"description\":\"Ben\u00f6tigen Sie einen Kostenvoranschlag oder Produktinformationen? Kontakt Biemar: Formular, direkte Kontakte nach Abteilung, SAV, Transport, HR. Soumagne & Malmedy.\",\"inLanguage\":\"de\",\"potentialAction\":[{\"@type\":\"ReadAction\",\"target\":[\"https:\\\/\\\/biemar.be\\\/de\\\/kontakt\\\/\"]}]},{\"@type\":\"ImageObject\",\"inLanguage\":\"de\",\"@id\":\"https:\\\/\\\/biemar.be\\\/de\\\/kontakt\\\/#primaryimage\",\"url\":\"https:\\\/\\\/biemar.be\\\/wp-content\\\/uploads\\\/2024\\\/01\\\/pexels-photomix-company-887751-scaled.jpg\",\"contentUrl\":\"https:\\\/\\\/biemar.be\\\/wp-content\\\/uploads\\\/2024\\\/01\\\/pexels-photomix-company-887751-scaled.jpg\",\"width\":1920,\"height\":1280,\"caption\":\"pexels photomix company 887751 scaled\"},{\"@type\":\"WebSite\",\"@id\":\"https:\\\/\\\/biemar.be\\\/#website\",\"url\":\"https:\\\/\\\/biemar.be\\\/\",\"name\":\"Biemar Bois\",\"description\":\"Des conseils particuli\u00e8rement pro\",\"publisher\":{\"@id\":\"https:\\\/\\\/biemar.be\\\/#organization\"},\"potentialAction\":[{\"@type\":\"SearchAction\",\"target\":{\"@type\":\"EntryPoint\",\"urlTemplate\":\"https:\\\/\\\/biemar.be\\\/?s={search_term_string}\"},\"query-input\":{\"@type\":\"PropertyValueSpecification\",\"valueRequired\":true,\"valueName\":\"search_term_string\"}}],\"inLanguage\":\"de\"},{\"@type\":\"Organization\",\"@id\":\"https:\\\/\\\/biemar.be\\\/#organization\",\"name\":\"Biemar Bois\",\"url\":\"https:\\\/\\\/biemar.be\\\/\",\"logo\":{\"@type\":\"ImageObject\",\"inLanguage\":\"de\",\"@id\":\"https:\\\/\\\/biemar.be\\\/#\\\/schema\\\/logo\\\/image\\\/\",\"url\":\"https:\\\/\\\/biemar.be\\\/wp-content\\\/uploads\\\/2024\\\/01\\\/cropped-fav.jpg\",\"contentUrl\":\"https:\\\/\\\/biemar.be\\\/wp-content\\\/uploads\\\/2024\\\/01\\\/cropped-fav.jpg\",\"width\":512,\"height\":512,\"caption\":\"Biemar Bois\"},\"image\":{\"@id\":\"https:\\\/\\\/biemar.be\\\/#\\\/schema\\\/logo\\\/image\\\/\"},\"sameAs\":[\"https:\\\/\\\/www.facebook.com\\\/BiemarBois\"]}]}<\/script>\n<!-- \/ Yoast SEO plugin. -->","yoast_head_json":{"title":"Kontakt Biemar | Kostenloser Kostenvoranschlag, Produktinfos & Direktkontakte","description":"Ben\u00f6tigen Sie einen Kostenvoranschlag oder Produktinformationen? Kontakt Biemar: Formular, direkte Kontakte nach Abteilung, SAV, Transport, HR. Soumagne & Malmedy.","robots":{"index":"index","follow":"follow","max-snippet":"max-snippet:-1","max-image-preview":"max-image-preview:large","max-video-preview":"max-video-preview:-1"},"canonical":"https:\/\/biemar.be\/de\/kontakt\/","og_locale":"de_DE","og_type":"article","og_title":"Kontakt Biemar | Kostenloser Kostenvoranschlag, Produktinfos & Direktkontakte","og_description":"Ben\u00f6tigen Sie einen Kostenvoranschlag oder Produktinformationen? Kontakt Biemar: Formular, direkte Kontakte nach Abteilung, SAV, Transport, HR. Soumagne & Malmedy.","og_url":"https:\/\/biemar.be\/de\/kontakt\/","og_site_name":"Biemar Bois","article_publisher":"https:\/\/www.facebook.com\/BiemarBois","article_modified_time":"2026-03-24T08:37:04+00:00","og_image":[{"width":1920,"height":1280,"url":"https:\/\/biemar.be\/wp-content\/uploads\/2024\/01\/pexels-photomix-company-887751-scaled.jpg","type":"image\/jpeg"}],"twitter_card":"summary_large_image","twitter_misc":{"Gesch\u00e4tzte Lesezeit":"6\u00a0Minute"},"schema":{"@context":"https:\/\/schema.org","@graph":[{"@type":"WebPage","@id":"https:\/\/biemar.be\/de\/kontakt\/","url":"https:\/\/biemar.be\/de\/kontakt\/","name":"Kontakt Biemar | Kostenloser Kostenvoranschlag, Produktinfos & Direktkontakte","isPartOf":{"@id":"https:\/\/biemar.be\/#website"},"primaryImageOfPage":{"@id":"https:\/\/biemar.be\/de\/kontakt\/#primaryimage"},"image":{"@id":"https:\/\/biemar.be\/de\/kontakt\/#primaryimage"},"thumbnailUrl":"https:\/\/biemar.be\/wp-content\/uploads\/2024\/01\/pexels-photomix-company-887751-scaled.jpg","datePublished":"2021-09-13T06:54:18+00:00","dateModified":"2026-03-24T08:37:04+00:00","description":"Ben\u00f6tigen Sie einen Kostenvoranschlag oder Produktinformationen? Kontakt Biemar: Formular, direkte Kontakte nach Abteilung, SAV, Transport, HR. Soumagne & Malmedy.","inLanguage":"de","potentialAction":[{"@type":"ReadAction","target":["https:\/\/biemar.be\/de\/kontakt\/"]}]},{"@type":"ImageObject","inLanguage":"de","@id":"https:\/\/biemar.be\/de\/kontakt\/#primaryimage","url":"https:\/\/biemar.be\/wp-content\/uploads\/2024\/01\/pexels-photomix-company-887751-scaled.jpg","contentUrl":"https:\/\/biemar.be\/wp-content\/uploads\/2024\/01\/pexels-photomix-company-887751-scaled.jpg","width":1920,"height":1280,"caption":"pexels photomix company 887751 scaled"},{"@type":"WebSite","@id":"https:\/\/biemar.be\/#website","url":"https:\/\/biemar.be\/","name":"Biemar Bois","description":"Des conseils particuli\u00e8rement pro","publisher":{"@id":"https:\/\/biemar.be\/#organization"},"potentialAction":[{"@type":"SearchAction","target":{"@type":"EntryPoint","urlTemplate":"https:\/\/biemar.be\/?s={search_term_string}"},"query-input":{"@type":"PropertyValueSpecification","valueRequired":true,"valueName":"search_term_string"}}],"inLanguage":"de"},{"@type":"Organization","@id":"https:\/\/biemar.be\/#organization","name":"Biemar Bois","url":"https:\/\/biemar.be\/","logo":{"@type":"ImageObject","inLanguage":"de","@id":"https:\/\/biemar.be\/#\/schema\/logo\/image\/","url":"https:\/\/biemar.be\/wp-content\/uploads\/2024\/01\/cropped-fav.jpg","contentUrl":"https:\/\/biemar.be\/wp-content\/uploads\/2024\/01\/cropped-fav.jpg","width":512,"height":512,"caption":"Biemar Bois"},"image":{"@id":"https:\/\/biemar.be\/#\/schema\/logo\/image\/"},"sameAs":["https:\/\/www.facebook.com\/BiemarBois"]}]}},"_links":{"self":[{"href":"https:\/\/biemar.be\/de\/wp-json\/wp\/v2\/pages\/51651","targetHints":{"allow":["GET"]}}],"collection":[{"href":"https:\/\/biemar.be\/de\/wp-json\/wp\/v2\/pages"}],"about":[{"href":"https:\/\/biemar.be\/de\/wp-json\/wp\/v2\/types\/page"}],"author":[{"embeddable":true,"href":"https:\/\/biemar.be\/de\/wp-json\/wp\/v2\/users\/1"}],"replies":[{"embeddable":true,"href":"https:\/\/biemar.be\/de\/wp-json\/wp\/v2\/comments?post=51651"}],"version-history":[{"count":0,"href":"https:\/\/biemar.be\/de\/wp-json\/wp\/v2\/pages\/51651\/revisions"}],"wp:featuredmedia":[{"embeddable":true,"href":"https:\/\/biemar.be\/de\/wp-json\/wp\/v2\/media\/51510"}],"wp:attachment":[{"href":"https:\/\/biemar.be\/de\/wp-json\/wp\/v2\/media?parent=51651"}],"curies":[{"name":"wp","href":"https:\/\/api.w.org\/{rel}","templated":true}]}}