{"id":51649,"date":"2021-09-13T08:53:26","date_gmt":"2021-09-13T06:53:26","guid":{"rendered":"https:\/\/biemar.be\/produkte\/"},"modified":"2026-03-24T09:36:19","modified_gmt":"2026-03-24T08:36:19","slug":"produkte","status":"publish","type":"page","link":"https:\/\/biemar.be\/de\/produkte\/","title":{"rendered":"Produkte"},"content":{"rendered":"\n<p>Entdecken Sie die <strong>Produkte von Biemar<\/strong> und finden Sie die richtigen L\u00f6sungen f\u00fcr Ihr Projekt, egal ob Sie Privatperson oder Profi sind. Unser Sortiment umfasst unter anderem: <strong>Holz<\/strong>, <strong>Paneele<\/strong>, <strong>Terrassen<\/strong>, <strong>Verkleidungen<\/strong>, <strong>Innent\u00fcren<\/strong>, <strong>Parkett<\/strong>, <strong>Paneele<\/strong>, <strong>Isolierung<\/strong>, <strong>D\u00e4cher<\/strong>, <strong>Fertigstellung<\/strong>, <strong>Schallschutz<\/strong>, <strong>Eisenwaren<\/strong> sowie<strong>Innen-<\/strong> und<strong>Au\u00dfenausbau<\/strong>. <\/p>\n\n<p>Unser Ziel: Ihnen helfen, die richtige L\u00f6sung f\u00fcr den richtigen Zweck zu w\u00e4hlen, mit einer klaren und effizienten Begleitung. Unsere Experten h\u00f6ren Ihnen zu, beraten Sie pr\u00e4zise und begleiten Sie bei jedem Schritt, um Ihre Ideen in ein konkretes Projekt umzusetzen. <\/p>\n\n<p>UNSERE PRODUKTKATEGORIEN (KURZES INTRO + ORIENTIERUNG)<\/p>\n\n<ul class=\"wp-block-list\">\n<li>Holz: Arten und L\u00f6sungen f\u00fcr Ihre Realisierungen (Tischlerei, Struktur, Endbearbeitung).<\/li>\n\n\n\n<li>Paneele: eine gro\u00dfe Auswahl f\u00fcr die Inneneinrichtung und f\u00fcr ma\u00dfgeschneiderte Projekte.<\/li>\n\n\n\n<li>Parkett: Optionen f\u00fcr alle Stilrichtungen, mit Tipps zur Auswahl und Verlegung.<\/li>\n\n\n\n<li>Terrassen: nachhaltige L\u00f6sungen f\u00fcr den Au\u00dfenbereich und Gestaltungsprojekte.<\/li>\n\n\n\n<li>Fassadenverkleidungen: Fassadenverkleidungen und Au\u00dfenabschl\u00fcsse.<\/li>\n\n\n\n<li>Innent\u00fcren: Sortimente und Konfigurationen nach Ihren Bed\u00fcrfnissen (Stil, Nutzung, Einschr\u00e4nkungen).<\/li>\n\n\n\n<li>T\u00e4felung: dekorative Oberfl\u00e4chen und Wand-\/Deckenl\u00f6sungen.<\/li>\n\n\n\n<li>Isolierung: Produkte zur Verbesserung von Komfort und Leistung.<\/li>\n\n\n\n<li>D\u00e4cher: L\u00f6sungen und Materialien f\u00fcr Ihre Arbeit.<\/li>\n\n\n\n<li>Fertigstellung: Abschl\u00fcsse und Erg\u00e4nzungen f\u00fcr eine saubere und vollst\u00e4ndige Baustelle.<\/li>\n\n\n\n<li>Akustische Korrektur: L\u00f6sungen zur Verbesserung der Ger\u00e4uschkulisse in R\u00e4umen.<\/li>\n\n\n\n<li>Eisenwaren: Zubeh\u00f6r und Ausr\u00fcstung f\u00fcr T\u00fcren\/M\u00f6bel und Projekte.<\/li>\n\n\n\n<li>Innen-\/Au\u00dfengestaltung: Ideen und Produkte zur Strukturierung und Aufwertung Ihrer R\u00e4ume.<\/li>\n<\/ul>\n\n<p>BRAUCHEN SIE INFOS ODER EINEN KOSTENVORANSCHLAG?<br\/>M\u00f6chten Sie Informationen \u00fcber unsere verschiedenen Produktreihen oder \u00fcber ein bestimmtes Produkt erhalten? Sie haben ein Projekt und m\u00f6chten einen kostenlosen Kostenvoranschlag erhalten? <strong>Kontaktieren Sie uns<\/strong> und profitieren Sie von einer besonders professionellen Beratung! <\/p>\n\n<p>CTA (interne Links, die angepasst werden m\u00fcssen)<br\/>\u2192 Siehe &#8222;Holz&#8220;: <a href=\"https:\/\/biemar.be\/de\/produkte\/holz\/\">\/produkte\/holz\/<\/a><br\/>\u2192 Siehe &#8222;Paneele&#8220;: <a href=\"https:\/\/biemar.be\/de\/produkte\/platten\/\">\/produkte\/paneele\/<\/a><br\/>\u2192 Siehe &#8222;Parkett&#8220;: <a href=\"https:\/\/biemar.be\/de\/?page_id=125912\">\/produkte\/parkett\/<\/a><br\/>\u2192 Siehe &#8222;Terrassen&#8220;: <a href=\"https:\/\/biemar.be\/de\/produkte\/terrassen\/\">\/produkte\/terrassen\/<\/a><br\/>\u2192 Siehe &#8222;Verkleidungen&#8220;: <a href=\"https:\/\/biemar.be\/de\/produkte\/fassadenverkleidungen\/\">\/products\/bardages\/<\/a><br\/>\u2192 Siehe &#8222;Innent\u00fcren&#8220;: <a href=\"https:\/\/biemar.be\/de\/produkte\/tueren\/block-tueren\/\">\/produits\/doors\/<\/a><br\/>\u2192 Einen Termin vereinbaren: <a href=\"https:\/\/biemar.be\/de\/einen-termin-vereinbaren\/\">\/prendre-un-rendezvous\/<\/a><br\/>\u2192 Kontaktieren Sie uns: <a href=\"https:\/\/biemar.be\/de\/kontakt\/\">\/contact\/<\/a><br\/>\u2192 Kataloge :          <a href=\"https:\/\/biemar.be\/de\/kataloge\/\">\/catalogues-biemar-bois\/<\/a><\/p>\n","protected":false},"excerpt":{"rendered":"<p>Entdecken Sie die Produkte von Biemar und finden Sie die richtigen L\u00f6sungen f\u00fcr Ihr Projekt, egal ob Sie Privatperson oder Profi sind. Unser Sortiment umfasst unter anderem: Holz, Paneele, Terrassen, Verkleidungen, Innent\u00fcren, Parkett, Paneele, Isolierung, D\u00e4cher, Fertigstellung, Schallschutz, Eisenwaren sowieInnen- undAu\u00dfenausbau. Unser Ziel: Ihnen helfen, die richtige L\u00f6sung f\u00fcr den richtigen Zweck zu w\u00e4hlen, mit [&hellip;]<\/p>\n","protected":false},"author":1,"featured_media":0,"parent":0,"menu_order":0,"comment_status":"closed","ping_status":"closed","template":"page-all-product.php","meta":{"_acf_changed":false,"footnotes":""},"class_list":["post-51649","page","type-page","status-publish","hentry"],"acf":[],"yoast_head":"<!-- This site is optimized with the Yoast SEO plugin v27.3 - https:\/\/yoast.com\/product\/yoast-seo-wordpress\/ -->\n<title>Biemar Produkte | Holz, Platten, Parkett, Terrassen, Verkleidungen &amp; mehr<\/title>\n<meta name=\"description\" content=\"Entdecken Sie die Produkte von Biemar: Holz, Platten, Parkett, Terrassen, Verkleidungen, Innent\u00fcren, Isolierung, Dach, Eisenwaren... Profi-Beratung und kostenloser Kostenvoranschlag.\" \/>\n<meta name=\"robots\" content=\"index, follow, max-snippet:-1, max-image-preview:large, max-video-preview:-1\" \/>\n<link rel=\"canonical\" href=\"https:\/\/biemar.be\/de\/produkte\/\" \/>\n<meta property=\"og:locale\" content=\"de_DE\" \/>\n<meta property=\"og:type\" content=\"article\" \/>\n<meta property=\"og:title\" content=\"Biemar Produkte | Holz, Platten, Parkett, Terrassen, Verkleidungen &amp; mehr\" \/>\n<meta property=\"og:description\" content=\"Entdecken Sie die Produkte von Biemar: Holz, Platten, Parkett, Terrassen, Verkleidungen, Innent\u00fcren, Isolierung, Dach, Eisenwaren... Profi-Beratung und kostenloser Kostenvoranschlag.\" \/>\n<meta property=\"og:url\" content=\"https:\/\/biemar.be\/de\/produkte\/\" \/>\n<meta property=\"og:site_name\" content=\"Biemar Bois\" \/>\n<meta property=\"article:publisher\" content=\"https:\/\/www.facebook.com\/BiemarBois\" \/>\n<meta property=\"article:modified_time\" content=\"2026-03-24T08:36:19+00:00\" \/>\n<meta name=\"twitter:card\" content=\"summary_large_image\" \/>\n<meta name=\"twitter:label1\" content=\"Gesch\u00e4tzte Lesezeit\" \/>\n\t<meta name=\"twitter:data1\" content=\"4\u00a0Minute\" \/>\n<script type=\"application\/ld+json\" class=\"yoast-schema-graph\">{\"@context\":\"https:\\\/\\\/schema.org\",\"@graph\":[{\"@type\":\"WebPage\",\"@id\":\"https:\\\/\\\/biemar.be\\\/de\\\/produkte\\\/\",\"url\":\"https:\\\/\\\/biemar.be\\\/de\\\/produkte\\\/\",\"name\":\"Biemar Produkte | Holz, Platten, Parkett, Terrassen, Verkleidungen & mehr\",\"isPartOf\":{\"@id\":\"https:\\\/\\\/biemar.be\\\/#website\"},\"datePublished\":\"2021-09-13T06:53:26+00:00\",\"dateModified\":\"2026-03-24T08:36:19+00:00\",\"description\":\"Entdecken Sie die Produkte von Biemar: Holz, Platten, Parkett, Terrassen, Verkleidungen, Innent\u00fcren, Isolierung, Dach, Eisenwaren... Profi-Beratung und kostenloser Kostenvoranschlag.\",\"inLanguage\":\"de\",\"potentialAction\":[{\"@type\":\"ReadAction\",\"target\":[\"https:\\\/\\\/biemar.be\\\/de\\\/produkte\\\/\"]}]},{\"@type\":\"WebSite\",\"@id\":\"https:\\\/\\\/biemar.be\\\/#website\",\"url\":\"https:\\\/\\\/biemar.be\\\/\",\"name\":\"Biemar Bois\",\"description\":\"Des conseils particuli\u00e8rement pro\",\"publisher\":{\"@id\":\"https:\\\/\\\/biemar.be\\\/#organization\"},\"potentialAction\":[{\"@type\":\"SearchAction\",\"target\":{\"@type\":\"EntryPoint\",\"urlTemplate\":\"https:\\\/\\\/biemar.be\\\/?s={search_term_string}\"},\"query-input\":{\"@type\":\"PropertyValueSpecification\",\"valueRequired\":true,\"valueName\":\"search_term_string\"}}],\"inLanguage\":\"de\"},{\"@type\":\"Organization\",\"@id\":\"https:\\\/\\\/biemar.be\\\/#organization\",\"name\":\"Biemar Bois\",\"url\":\"https:\\\/\\\/biemar.be\\\/\",\"logo\":{\"@type\":\"ImageObject\",\"inLanguage\":\"de\",\"@id\":\"https:\\\/\\\/biemar.be\\\/#\\\/schema\\\/logo\\\/image\\\/\",\"url\":\"https:\\\/\\\/biemar.be\\\/wp-content\\\/uploads\\\/2024\\\/01\\\/cropped-fav.jpg\",\"contentUrl\":\"https:\\\/\\\/biemar.be\\\/wp-content\\\/uploads\\\/2024\\\/01\\\/cropped-fav.jpg\",\"width\":512,\"height\":512,\"caption\":\"Biemar Bois\"},\"image\":{\"@id\":\"https:\\\/\\\/biemar.be\\\/#\\\/schema\\\/logo\\\/image\\\/\"},\"sameAs\":[\"https:\\\/\\\/www.facebook.com\\\/BiemarBois\"]}]}<\/script>\n<!-- \/ Yoast SEO plugin. -->","yoast_head_json":{"title":"Biemar Produkte | Holz, Platten, Parkett, Terrassen, Verkleidungen & mehr","description":"Entdecken Sie die Produkte von Biemar: Holz, Platten, Parkett, Terrassen, Verkleidungen, Innent\u00fcren, Isolierung, Dach, Eisenwaren... Profi-Beratung und kostenloser Kostenvoranschlag.","robots":{"index":"index","follow":"follow","max-snippet":"max-snippet:-1","max-image-preview":"max-image-preview:large","max-video-preview":"max-video-preview:-1"},"canonical":"https:\/\/biemar.be\/de\/produkte\/","og_locale":"de_DE","og_type":"article","og_title":"Biemar Produkte | Holz, Platten, Parkett, Terrassen, Verkleidungen & mehr","og_description":"Entdecken Sie die Produkte von Biemar: Holz, Platten, Parkett, Terrassen, Verkleidungen, Innent\u00fcren, Isolierung, Dach, Eisenwaren... Profi-Beratung und kostenloser Kostenvoranschlag.","og_url":"https:\/\/biemar.be\/de\/produkte\/","og_site_name":"Biemar Bois","article_publisher":"https:\/\/www.facebook.com\/BiemarBois","article_modified_time":"2026-03-24T08:36:19+00:00","twitter_card":"summary_large_image","twitter_misc":{"Gesch\u00e4tzte Lesezeit":"4\u00a0Minute"},"schema":{"@context":"https:\/\/schema.org","@graph":[{"@type":"WebPage","@id":"https:\/\/biemar.be\/de\/produkte\/","url":"https:\/\/biemar.be\/de\/produkte\/","name":"Biemar Produkte | Holz, Platten, Parkett, Terrassen, Verkleidungen & mehr","isPartOf":{"@id":"https:\/\/biemar.be\/#website"},"datePublished":"2021-09-13T06:53:26+00:00","dateModified":"2026-03-24T08:36:19+00:00","description":"Entdecken Sie die Produkte von Biemar: Holz, Platten, Parkett, Terrassen, Verkleidungen, Innent\u00fcren, Isolierung, Dach, Eisenwaren... Profi-Beratung und kostenloser Kostenvoranschlag.","inLanguage":"de","potentialAction":[{"@type":"ReadAction","target":["https:\/\/biemar.be\/de\/produkte\/"]}]},{"@type":"WebSite","@id":"https:\/\/biemar.be\/#website","url":"https:\/\/biemar.be\/","name":"Biemar Bois","description":"Des conseils particuli\u00e8rement pro","publisher":{"@id":"https:\/\/biemar.be\/#organization"},"potentialAction":[{"@type":"SearchAction","target":{"@type":"EntryPoint","urlTemplate":"https:\/\/biemar.be\/?s={search_term_string}"},"query-input":{"@type":"PropertyValueSpecification","valueRequired":true,"valueName":"search_term_string"}}],"inLanguage":"de"},{"@type":"Organization","@id":"https:\/\/biemar.be\/#organization","name":"Biemar Bois","url":"https:\/\/biemar.be\/","logo":{"@type":"ImageObject","inLanguage":"de","@id":"https:\/\/biemar.be\/#\/schema\/logo\/image\/","url":"https:\/\/biemar.be\/wp-content\/uploads\/2024\/01\/cropped-fav.jpg","contentUrl":"https:\/\/biemar.be\/wp-content\/uploads\/2024\/01\/cropped-fav.jpg","width":512,"height":512,"caption":"Biemar Bois"},"image":{"@id":"https:\/\/biemar.be\/#\/schema\/logo\/image\/"},"sameAs":["https:\/\/www.facebook.com\/BiemarBois"]}]}},"_links":{"self":[{"href":"https:\/\/biemar.be\/de\/wp-json\/wp\/v2\/pages\/51649","targetHints":{"allow":["GET"]}}],"collection":[{"href":"https:\/\/biemar.be\/de\/wp-json\/wp\/v2\/pages"}],"about":[{"href":"https:\/\/biemar.be\/de\/wp-json\/wp\/v2\/types\/page"}],"author":[{"embeddable":true,"href":"https:\/\/biemar.be\/de\/wp-json\/wp\/v2\/users\/1"}],"replies":[{"embeddable":true,"href":"https:\/\/biemar.be\/de\/wp-json\/wp\/v2\/comments?post=51649"}],"version-history":[{"count":0,"href":"https:\/\/biemar.be\/de\/wp-json\/wp\/v2\/pages\/51649\/revisions"}],"wp:attachment":[{"href":"https:\/\/biemar.be\/de\/wp-json\/wp\/v2\/media?parent=51649"}],"curies":[{"name":"wp","href":"https:\/\/api.w.org\/{rel}","templated":true}]}}