{"id":51638,"date":"2021-09-13T08:53:57","date_gmt":"2021-09-13T06:53:57","guid":{"rendered":"https:\/\/biemar.be\/jobs\/"},"modified":"2026-03-24T09:37:04","modified_gmt":"2026-03-24T08:37:04","slug":"stellenangebote","status":"publish","type":"page","link":"https:\/\/biemar.be\/de\/stellenangebote\/","title":{"rendered":"Stellenangebot Biemar"},"content":{"rendered":"\n<h2 class=\"wp-block-heading\">STELLENANGEBOT BIEMAR: WERDEN SIE TEIL UNSERES TEAMS<\/h2>\n\n<p>Sie suchen eine Biemar-Stelle? Entdecken Sie hier unsere offenen Stellen an unseren Standorten in Malmedy und Soumagne. Biemar Bois ist ein Unternehmen in voller Entwicklung, das f\u00fcr seine besonders professionelle Beratung und die Qualit\u00e4t seiner Betreuung bekannt ist. Ob Sie ein kaufm\u00e4nnisches, technisch-kaufm\u00e4nnisches oder technisches Profil haben, auf dieser Seite finden Sie die aktuellen M\u00f6glichkeiten.   <\/p>\n\n<p>Direkter Zugang :<\/p>\n\n<figure class=\"wp-block-embed is-type-wp-embed is-provider-biemar-bois wp-block-embed-biemar-bois\"><div class=\"wp-block-embed__wrapper\">\n<blockquote class=\"wp-embedded-content\" data-secret=\"0R9YeDKtMd\"><a href=\"https:\/\/biemar.be\/offres-d-emploi\/\">Offre d&#8217;emploi Biemar<\/a><\/blockquote><iframe class=\"wp-embedded-content\" sandbox=\"allow-scripts\" security=\"restricted\" style=\"position: absolute; visibility: hidden;\" title=\"&#8222;Offre d&#8217;emploi Biemar&#8220; &#8211; Biemar Bois\" src=\"https:\/\/biemar.be\/offres-d-emploi\/embed\/#?secret=Al9t9XDggW#?secret=0R9YeDKtMd\" data-secret=\"0R9YeDKtMd\" width=\"600\" height=\"338\" frameborder=\"0\" marginwidth=\"0\" marginheight=\"0\" scrolling=\"no\"><\/iframe>\n<\/div><\/figure>\n\n<h2 class=\"wp-block-heading\">UNSERE BIEMAR-STELLENANGEBOTE (BEISPIELE F\u00dcR AUSGESCHRIEBENE STELLEN)<\/h2>\n\n<p>Die Angebote \u00e4ndern sich je nach Bedarf. Sehen Sie sich die Anzeigen an und klicken Sie auf &#8222;Mehr lesen&#8220;, um die Details zu sehen und sich zu bewerben. <\/p>\n\n<p>- Handelsvertreter Holz und Holzwerkstoffe (M\/W\/X)<\/p>\n\n<p>Aufgabe mit Schwerpunkt auf Gesch\u00e4ftsentwicklung und Kundenbetreuung, mit einer technischen Dimension bei L\u00f6sungen f\u00fcr Holz und Holzwerkstoffe.<\/p>\n\n<p>- Technischer Kaufmann\/-frau - Parkett (M\/W\/X)<\/p>\n\n<p>Beratung, Betreuung und Verkauf von Parkett-\/Bodenl\u00f6sungen mit einer Kundenbetreuung von A bis Z.<\/p>\n\n<p>- Technische\/r Berater\/in T\u00fcren FR\/ALL (M\/W\/X)<\/p>\n\n<p>L\u00f6sungsorientierte Rolle und &#8222;T\u00fcr&#8220;-Projekte (Innenr\u00e4ume, Technik&#8230;), mit FR\/ALL-Anforderung und starkem Follow-up.<\/p>\n\n<h2 class=\"wp-block-heading\">INITIATIVBEWERBUNG BEI BIEMAR<\/h2>\n\n<p>Sie finden keine Biemar-Stellenanzeige, die Ihrem Profil entspricht? Wir sind immer auf der Suche nach neuen Talenten. <\/p>\n\n<p>Schicken Sie uns Ihre Initiativbewerbung: Erkl\u00e4ren Sie die angestrebte Stelle, Ihre Erfahrung, Ihren geografischen Standort und Ihre Verf\u00fcgbarkeit.<\/p>\n\n<h2 class=\"wp-block-heading\">WIE MAN SICH AUF EINE BIEMAR-STELLENANZEIGE BEWIRBT<\/h2>\n\n<p>- \u00dcber die Stellenanzeige: \u00d6ffnen Sie die Stellenanzeige und folgen Sie den Anweisungen (Stellenanzeige herunterladen \/ Bewerben).<\/p>\n\n<p>- Per E-Mail: jobs@biemar.be<\/p>\n\n<p>- Per Post (zu H\u00e4nden von Julie Bodeux) :<\/p>\n\n<p>  Rue de la Clef, 57<\/p>\n\n<p>  4630 Soumagne<\/p>\n\n<p>Denken Sie daran, in Ihrer Bewerbung den genauen Titel der Biemar-Stellenanzeige anzugeben.<\/p>\n\n<h2 class=\"wp-block-heading\">TIPPS, WIE SIE IHRE BEWERBUNG ANKURBELN K\u00d6NNEN<\/h2>\n\n<p>- F\u00fcgen Sie drei Schl\u00fcsselinfos hinzu: Ihre relevanteste Erfahrung, Ihre Mobilit\u00e4tszone und Ihre Verf\u00fcgbarkeit.<\/p>\n\n<p>- Heben Sie die f\u00fcr die Stelle n\u00fctzlichen Kompetenzen hervor: Kundenbeziehungen, Genauigkeit, Selbstst\u00e4ndigkeit, Teamgeist, Interesse an technischen Produkten.<\/p>\n\n<p>- Wenn Sie sich auf eine FR\/DE-Stelle bewerben, erw\u00e4hnen Sie deutlich Ihr Sprachniveau.<\/p>\n\n<h2 class=\"wp-block-heading\">N\u00dcTZLICHE LINKS<\/h2>\n\n<p>- Stellenangebote: https: <a href=\"https:\/\/biemar.be\/de\/stellenangebote\/\">\/\/biemar.be\/offres-d-emploi\/<\/a><\/p>\n\n<p>- \u00dcber: https: <a href=\"https:\/\/biemar.be\/de\/?page_id=127947\">\/\/biemar.be\/a-propos-de-biemar-bois\/<\/a><\/p>\n\n<p>- Produkte: https: <a href=\"https:\/\/biemar.be\/de\/produkte\/\">\/\/biemar.be\/produits\/<\/a><\/p>\n\n<p>- Einen Termin vereinbaren: https: <a href=\"https:\/\/biemar.be\/de\/einen-termin-vereinbaren\/\">\/\/biemar.be\/prendre-un-rendez-vous\/<\/a><\/p>\n","protected":false},"excerpt":{"rendered":"<p>STELLENANGEBOT BIEMAR: WERDEN SIE TEIL UNSERES TEAMS Sie suchen eine Biemar-Stelle? Entdecken Sie hier unsere offenen Stellen an unseren Standorten in Malmedy und Soumagne. Biemar Bois ist ein Unternehmen in voller Entwicklung, das f\u00fcr seine besonders professionelle Beratung und die Qualit\u00e4t seiner Betreuung bekannt ist. Ob Sie ein kaufm\u00e4nnisches, technisch-kaufm\u00e4nnisches oder technisches Profil haben, auf [&hellip;]<\/p>\n","protected":false},"author":1,"featured_media":0,"parent":0,"menu_order":0,"comment_status":"closed","ping_status":"closed","template":"page-jobs.php","meta":{"_acf_changed":false,"footnotes":""},"class_list":["post-51638","page","type-page","status-publish","hentry"],"acf":[],"yoast_head":"<!-- This site is optimized with the Yoast SEO plugin v27.3 - https:\/\/yoast.com\/product\/yoast-seo-wordpress\/ -->\n<title>Stellenangebote Biemar | Unsere Stellen in Malmedy &amp; Soumagne<\/title>\n<meta name=\"description\" content=\"Sehen Sie sich jede Biemar (Malmedy \/ Soumagne) Stellenanzeige an: kaufm\u00e4nnische und technische Funktionen. Bewerben Sie sich online oder senden Sie uns Ihre Initiativbewerbung.\" \/>\n<meta name=\"robots\" content=\"index, follow, max-snippet:-1, max-image-preview:large, max-video-preview:-1\" \/>\n<link rel=\"canonical\" href=\"https:\/\/biemar.be\/de\/stellenangebote\/\" \/>\n<meta property=\"og:locale\" content=\"de_DE\" \/>\n<meta property=\"og:type\" content=\"article\" \/>\n<meta property=\"og:title\" content=\"Stellenangebote Biemar | Unsere Stellen in Malmedy &amp; Soumagne\" \/>\n<meta property=\"og:description\" content=\"Sehen Sie sich jede Biemar (Malmedy \/ Soumagne) Stellenanzeige an: kaufm\u00e4nnische und technische Funktionen. Bewerben Sie sich online oder senden Sie uns Ihre Initiativbewerbung.\" \/>\n<meta property=\"og:url\" content=\"https:\/\/biemar.be\/de\/stellenangebote\/\" \/>\n<meta property=\"og:site_name\" content=\"Biemar Bois\" \/>\n<meta property=\"article:publisher\" content=\"https:\/\/www.facebook.com\/BiemarBois\" \/>\n<meta property=\"article:modified_time\" content=\"2026-03-24T08:37:04+00:00\" \/>\n<meta name=\"twitter:card\" content=\"summary_large_image\" \/>\n<meta name=\"twitter:label1\" content=\"Gesch\u00e4tzte Lesezeit\" \/>\n\t<meta name=\"twitter:data1\" content=\"2\u00a0Minute\" \/>\n<script type=\"application\/ld+json\" class=\"yoast-schema-graph\">{\"@context\":\"https:\\\/\\\/schema.org\",\"@graph\":[{\"@type\":\"WebPage\",\"@id\":\"https:\\\/\\\/biemar.be\\\/de\\\/stellenangebote\\\/\",\"url\":\"https:\\\/\\\/biemar.be\\\/de\\\/stellenangebote\\\/\",\"name\":\"Stellenangebote Biemar | Unsere Stellen in Malmedy & Soumagne\",\"isPartOf\":{\"@id\":\"https:\\\/\\\/biemar.be\\\/#website\"},\"datePublished\":\"2021-09-13T06:53:57+00:00\",\"dateModified\":\"2026-03-24T08:37:04+00:00\",\"description\":\"Sehen Sie sich jede Biemar (Malmedy \\\/ Soumagne) Stellenanzeige an: kaufm\u00e4nnische und technische Funktionen. Bewerben Sie sich online oder senden Sie uns Ihre Initiativbewerbung.\",\"inLanguage\":\"de\",\"potentialAction\":[{\"@type\":\"ReadAction\",\"target\":[\"https:\\\/\\\/biemar.be\\\/de\\\/stellenangebote\\\/\"]}]},{\"@type\":\"WebSite\",\"@id\":\"https:\\\/\\\/biemar.be\\\/#website\",\"url\":\"https:\\\/\\\/biemar.be\\\/\",\"name\":\"Biemar Bois\",\"description\":\"Des conseils particuli\u00e8rement pro\",\"publisher\":{\"@id\":\"https:\\\/\\\/biemar.be\\\/#organization\"},\"potentialAction\":[{\"@type\":\"SearchAction\",\"target\":{\"@type\":\"EntryPoint\",\"urlTemplate\":\"https:\\\/\\\/biemar.be\\\/?s={search_term_string}\"},\"query-input\":{\"@type\":\"PropertyValueSpecification\",\"valueRequired\":true,\"valueName\":\"search_term_string\"}}],\"inLanguage\":\"de\"},{\"@type\":\"Organization\",\"@id\":\"https:\\\/\\\/biemar.be\\\/#organization\",\"name\":\"Biemar Bois\",\"url\":\"https:\\\/\\\/biemar.be\\\/\",\"logo\":{\"@type\":\"ImageObject\",\"inLanguage\":\"de\",\"@id\":\"https:\\\/\\\/biemar.be\\\/#\\\/schema\\\/logo\\\/image\\\/\",\"url\":\"https:\\\/\\\/biemar.be\\\/wp-content\\\/uploads\\\/2024\\\/01\\\/cropped-fav.jpg\",\"contentUrl\":\"https:\\\/\\\/biemar.be\\\/wp-content\\\/uploads\\\/2024\\\/01\\\/cropped-fav.jpg\",\"width\":512,\"height\":512,\"caption\":\"Biemar Bois\"},\"image\":{\"@id\":\"https:\\\/\\\/biemar.be\\\/#\\\/schema\\\/logo\\\/image\\\/\"},\"sameAs\":[\"https:\\\/\\\/www.facebook.com\\\/BiemarBois\"]}]}<\/script>\n<!-- \/ Yoast SEO plugin. -->","yoast_head_json":{"title":"Stellenangebote Biemar | Unsere Stellen in Malmedy & Soumagne","description":"Sehen Sie sich jede Biemar (Malmedy \/ Soumagne) Stellenanzeige an: kaufm\u00e4nnische und technische Funktionen. Bewerben Sie sich online oder senden Sie uns Ihre Initiativbewerbung.","robots":{"index":"index","follow":"follow","max-snippet":"max-snippet:-1","max-image-preview":"max-image-preview:large","max-video-preview":"max-video-preview:-1"},"canonical":"https:\/\/biemar.be\/de\/stellenangebote\/","og_locale":"de_DE","og_type":"article","og_title":"Stellenangebote Biemar | Unsere Stellen in Malmedy & Soumagne","og_description":"Sehen Sie sich jede Biemar (Malmedy \/ Soumagne) Stellenanzeige an: kaufm\u00e4nnische und technische Funktionen. Bewerben Sie sich online oder senden Sie uns Ihre Initiativbewerbung.","og_url":"https:\/\/biemar.be\/de\/stellenangebote\/","og_site_name":"Biemar Bois","article_publisher":"https:\/\/www.facebook.com\/BiemarBois","article_modified_time":"2026-03-24T08:37:04+00:00","twitter_card":"summary_large_image","twitter_misc":{"Gesch\u00e4tzte Lesezeit":"2\u00a0Minute"},"schema":{"@context":"https:\/\/schema.org","@graph":[{"@type":"WebPage","@id":"https:\/\/biemar.be\/de\/stellenangebote\/","url":"https:\/\/biemar.be\/de\/stellenangebote\/","name":"Stellenangebote Biemar | Unsere Stellen in Malmedy & Soumagne","isPartOf":{"@id":"https:\/\/biemar.be\/#website"},"datePublished":"2021-09-13T06:53:57+00:00","dateModified":"2026-03-24T08:37:04+00:00","description":"Sehen Sie sich jede Biemar (Malmedy \/ Soumagne) Stellenanzeige an: kaufm\u00e4nnische und technische Funktionen. Bewerben Sie sich online oder senden Sie uns Ihre Initiativbewerbung.","inLanguage":"de","potentialAction":[{"@type":"ReadAction","target":["https:\/\/biemar.be\/de\/stellenangebote\/"]}]},{"@type":"WebSite","@id":"https:\/\/biemar.be\/#website","url":"https:\/\/biemar.be\/","name":"Biemar Bois","description":"Des conseils particuli\u00e8rement pro","publisher":{"@id":"https:\/\/biemar.be\/#organization"},"potentialAction":[{"@type":"SearchAction","target":{"@type":"EntryPoint","urlTemplate":"https:\/\/biemar.be\/?s={search_term_string}"},"query-input":{"@type":"PropertyValueSpecification","valueRequired":true,"valueName":"search_term_string"}}],"inLanguage":"de"},{"@type":"Organization","@id":"https:\/\/biemar.be\/#organization","name":"Biemar Bois","url":"https:\/\/biemar.be\/","logo":{"@type":"ImageObject","inLanguage":"de","@id":"https:\/\/biemar.be\/#\/schema\/logo\/image\/","url":"https:\/\/biemar.be\/wp-content\/uploads\/2024\/01\/cropped-fav.jpg","contentUrl":"https:\/\/biemar.be\/wp-content\/uploads\/2024\/01\/cropped-fav.jpg","width":512,"height":512,"caption":"Biemar Bois"},"image":{"@id":"https:\/\/biemar.be\/#\/schema\/logo\/image\/"},"sameAs":["https:\/\/www.facebook.com\/BiemarBois"]}]}},"_links":{"self":[{"href":"https:\/\/biemar.be\/de\/wp-json\/wp\/v2\/pages\/51638","targetHints":{"allow":["GET"]}}],"collection":[{"href":"https:\/\/biemar.be\/de\/wp-json\/wp\/v2\/pages"}],"about":[{"href":"https:\/\/biemar.be\/de\/wp-json\/wp\/v2\/types\/page"}],"author":[{"embeddable":true,"href":"https:\/\/biemar.be\/de\/wp-json\/wp\/v2\/users\/1"}],"replies":[{"embeddable":true,"href":"https:\/\/biemar.be\/de\/wp-json\/wp\/v2\/comments?post=51638"}],"version-history":[{"count":0,"href":"https:\/\/biemar.be\/de\/wp-json\/wp\/v2\/pages\/51638\/revisions"}],"wp:attachment":[{"href":"https:\/\/biemar.be\/de\/wp-json\/wp\/v2\/media?parent=51638"}],"curies":[{"name":"wp","href":"https:\/\/api.w.org\/{rel}","templated":true}]}}