{"id":51631,"date":"2024-01-15T15:03:55","date_gmt":"2024-01-15T14:03:55","guid":{"rendered":"https:\/\/biemar.be\/allgemeine-geschaeftsbedingungen\/"},"modified":"2025-05-14T16:05:30","modified_gmt":"2025-05-14T14:05:30","slug":"allgemeine-geschaeftsbedingungen","status":"publish","type":"page","link":"https:\/\/biemar.be\/de\/allgemeine-geschaeftsbedingungen\/","title":{"rendered":"Allgemeine Gesch\u00e4ftsbedingungen"},"content":{"rendered":"\n<h2 class=\"wp-block-heading\">## GRUNDLEGENDE SCHABLONE - ZUM BEARBEITEN ##<\/h2>\n\n<p>Die vorliegenden Allgemeinen Gesch\u00e4ftsbedingungen f\u00fcr den Verkauf oder die Erbringung von Dienstleistungen gelten ohne Einschr\u00e4nkung oder Vorbehalt f\u00fcr alle Produkte und\/oder Dienstleistungen, die auf DroitBelge.Net (www.droitbelge.net) (nachstehend &#8222;die Website&#8220; genannt) zum Verkauf angeboten werden.<\/p>\n\n<p><strong>Artikel 1 - Zweck<\/strong><\/p>\n\n<p>Die Tatsache, dass eine nat\u00fcrliche oder juristische Person auf der Website eine Bestellung aufgibt, bedeutet, dass sie die vorliegenden Allgemeinen Gesch\u00e4ftsbedingungen voll und ganz akzeptiert. Sie sind jederzeit auf der Website zug\u00e4nglich und haben gegebenenfalls Vorrang vor jeder anderen Version und vor den eigenen allgemeinen Einkaufsbedingungen oder anderen Bedingungen des Kunden. <\/p>\n\n<p><strong>Artikel 2 - Preis - Zahlungsmodalit\u00e4ten<\/strong><\/p>\n\n<p>Die aktuellen Preise sind inklusive Mehrwertsteuer angegeben. Wir behalten uns das Recht vor, neue Steuern und Zinssatzerh\u00f6hungen zu verschieben.<\/p>\n\n<p>Die angegebenen Preise verstehen sich in Euro.<\/p>\n\n<p>Sie m\u00fcssen den gesamten Kaufpreis bei der Bestellung an die Bankverbindung zahlen, die in der E-Mail zur Best\u00e4tigung der Bestellung angegeben ist.<\/p>\n\n<p><strong>Artikel 3 - Beschwerden<\/strong><\/p>\n\n<p>Jede Beschwerde und\/oder Anfechtung des Kunden gegen den Dienst muss ausschlie\u00dflich per E-Mail an die Adresse <a href=\"mailto:contrats@droitbelge.be\">contrats@droitbelge.be<\/a>, sp\u00e4testens 48 Stunden nach ihrem Entstehungsgrund (kein Erhalt des Vertrags mehr als 24 Stunden nach der Bestellung oder Nicht\u00fcbereinstimmung des Vertrags innerhalb von 24 Stunden nach seinem Erhalt) erfolgen, andernfalls verf\u00e4llt der Anspruch auf den Dienst.<\/p>\n\n<p><strong>Artikel 4 - Widerrufsfrist<\/strong><\/p>\n\n<p>Die Produkte werden so schnell wie m\u00f6glich per E-Mail geliefert. In Absprache mit dem Kunden f\u00fchren wir die Leistung vor Ablauf der siebent\u00e4gigen Frist aus. <\/p>\n\n<p>Die Parteien vereinbaren daher, dass die Zusendung des Vertrags nicht zur Aus\u00fcbung eines wie auch immer gearteten Widerrufsrechts berechtigt.<\/p>\n\n<p><strong>Artikel 5 - Geistiges und gewerbliches Eigentum<\/strong><\/p>\n\n<p>Mit dem Kauf des Vertrags erwirbt der Kunde eine nicht-exklusive Lizenz zur Nutzung des Vertrags. Diese Lizenz umfasst das Recht, den Vertrag ausschlie\u00dflich f\u00fcr den pers\u00f6nlichen Gebrauch und im Rahmen der eigenen privaten oder beruflichen Aktivit\u00e4ten des Kunden zu nutzen. Dieses Recht ist nicht auf den Kunden \u00fcbertragbar. Der Kunde darf nur eine einzige Kopie des erhaltenen Vertrags nutzen und installieren und diese auf einen einzigen Computer herunterladen.   <\/p>\n\n<p>Jede Vervielf\u00e4ltigung oder Darstellung, ganz oder teilweise, zu anderen Zwecken, insbesondere zu kommerziellen Zwecken, auf irgendeinem Tr\u00e4ger ist verboten. Die Nichtbeachtung dieses Verbots stellt eine F\u00e4lschung dar, f\u00fcr die der F\u00e4lscher zivil- und strafrechtlich haftbar gemacht werden kann. <\/p>\n\n<p>Die Vertr\u00e4ge sind durch die Gesetzgebung \u00fcber das Urheberrecht und allgemein \u00fcber das geistige Eigentum gesch\u00fctzt. Die auf der Website enthaltenen Marken, Handelsnamen, K\u00fcrzel, Logos, Zeichnungen oder Fotos d\u00fcrfen ohne unsere vorherige schriftliche Zustimmung weder erw\u00e4hnt noch verwendet werden. Jede Vervielf\u00e4ltigung oder Nutzung, die nicht vorher und ausdr\u00fccklich genehmigt wurde, stellt eine F\u00e4lschung dar und wird zivil- und strafrechtlich verfolgt. Dar\u00fcber hinaus kann keine Genehmigung f\u00fcr eine Nutzung erteilt werden, die gegen die guten Sitten und die Moral verst\u00f6\u00dft.   <\/p>\n\n<p><strong>Artikel 6 - Verantwortlichkeit<\/strong><\/p>\n\n<p>Die zum Verkauf angebotenen Vertr\u00e4ge wurden mit der erforderlichen Sorgfalt behandelt.<\/p>\n\n<p>Der Kunde erkennt jedoch an und akzeptiert, dass die gezeigten Modelle keinesfalls eine ausf\u00fchrliche Rechtsberatung darstellen.<\/p>\n\n<p>Die Verwendung von Vorlagen erfolgt unter der alleinigen Verantwortung des Kunden und dient lediglich zu Informationszwecken.<\/p>\n\n<p>Ein Vertrag muss auf die von den Parteien verfolgten Ziele zugeschnitten sein und ihre eigenen rechtlichen Zw\u00e4nge und Besonderheiten ber\u00fccksichtigen. Es wird dringend empfohlen, ihn nur nach R\u00fccksprache mit einem Spezialisten zu verwenden. <\/p>\n\n<p>Durch die Nutzung des Vertrags verzichten Sie darauf, DroitBelge.Net, seine Herausgeber oder den Autor des Textes zur Verantwortung zu ziehen, selbst wenn der Inhalt schwach oder unrichtig ist, sei es offensichtlich oder nicht.<\/p>\n\n<p>In jedem Fall ist die Haftung von DroitBelge.Net, seinen Verlegern, Partnern und Autoren auf die R\u00fcckerstattung des Kaufpreises beschr\u00e4nkt.<\/p>\n\n<p><strong>Artikel 7 - Privatsph\u00e4re<\/strong><\/p>\n\n<p>Wir respektieren Ihre Privatsph\u00e4re. Wir sammeln keine Daten ohne Ihre Zustimmung. Bitte lesen Sie unsere <a href=\"http:\/\/www.droitbelge.be\/vieprivee.asp\">Datenschutzrichtlinie<\/a> f\u00fcr weitere Informationen.  <\/p>\n\n<p><strong>Artikel 8 - Ung\u00fcltigkeit - H\u00f6here Gewalt - Anwendbares Recht und zust\u00e4ndiges Gericht<\/strong><\/p>\n\n<p>Sollte aus irgendeinem Grund eine Bestimmung dieser Allgemeinen Gesch\u00e4ftsbedingungen f\u00fcr nicht durchsetzbar erkl\u00e4rt werden, so hat diese Nichtdurchsetzbarkeit keinen Einfluss auf die Durchsetzbarkeit der \u00fcbrigen Bestimmungen der Allgemeinen Gesch\u00e4ftsbedingungen. Die nicht durchsetzbare Bestimmung wird dann durch die n\u00e4chstm\u00f6gliche Bestimmung ersetzt. <\/p>\n\n<p>Weder DroitBelge.Net, seine Herausgeber noch der Kunde haften f\u00fcr eine Nichterf\u00fcllung, die auf h\u00f6here Gewalt au\u00dferhalb ihrer Kontrolle zur\u00fcckzuf\u00fchren ist, einschlie\u00dflich, aber nicht beschr\u00e4nkt auf Krieg, Aufruhr, Aufstand, Transportunterbrechung, Import- oder Exportprobleme, Streik, Aussperrung, Mangel, Feuer, Erdbeben, Sturm, \u00dcberschwemmungen.<\/p>\n\n<p>Die vorliegenden Allgemeinen Gesch\u00e4ftsbedingungen unterliegen ausschlie\u00dflich dem belgischen Recht. Im Falle eines Rechtsstreits sind ausschlie\u00dflich die Gerichte des Gerichtsbezirks Br\u00fcssel zust\u00e4ndig. <\/p>\n","protected":false},"excerpt":{"rendered":"<p>## GRUNDLEGENDE SCHABLONE - ZUM BEARBEITEN ## Die vorliegenden Allgemeinen Gesch\u00e4ftsbedingungen f\u00fcr den Verkauf oder die Erbringung von Dienstleistungen gelten ohne Einschr\u00e4nkung oder Vorbehalt f\u00fcr alle Produkte und\/oder Dienstleistungen, die auf DroitBelge.Net (www.droitbelge.net) (nachstehend &#8222;die Website&#8220; genannt) zum Verkauf angeboten werden. Artikel 1 - Zweck Die Tatsache, dass eine nat\u00fcrliche oder juristische Person auf der [&hellip;]<\/p>\n","protected":false},"author":1,"featured_media":0,"parent":0,"menu_order":0,"comment_status":"closed","ping_status":"closed","template":"conditions-generale.php","meta":{"_acf_changed":false,"footnotes":""},"class_list":["post-51631","page","type-page","status-publish","hentry"],"acf":[],"yoast_head":"<!-- This site is optimized with the Yoast SEO plugin v27.3 - https:\/\/yoast.com\/product\/yoast-seo-wordpress\/ -->\n<title>Allgemeine Gesch\u00e4ftsbedingungen - Biemar Bois<\/title>\n<meta name=\"robots\" content=\"index, follow, max-snippet:-1, max-image-preview:large, max-video-preview:-1\" \/>\n<link rel=\"canonical\" href=\"https:\/\/biemar.be\/de\/?page_id=51631\" \/>\n<meta property=\"og:locale\" content=\"de_DE\" \/>\n<meta property=\"og:type\" content=\"article\" \/>\n<meta property=\"og:title\" content=\"Allgemeine Gesch\u00e4ftsbedingungen - Biemar Bois\" \/>\n<meta property=\"og:description\" content=\"## GRUNDLEGENDE SCHABLONE - ZUM BEARBEITEN ## Die vorliegenden Allgemeinen Gesch\u00e4ftsbedingungen f\u00fcr den Verkauf oder die Erbringung von Dienstleistungen gelten ohne Einschr\u00e4nkung oder Vorbehalt f\u00fcr alle Produkte und\/oder Dienstleistungen, die auf DroitBelge.Net (www.droitbelge.net) (nachstehend &#8222;die Website&#8220; genannt) zum Verkauf angeboten werden. Artikel 1 - Zweck Die Tatsache, dass eine nat\u00fcrliche oder juristische Person auf der [&hellip;]\" \/>\n<meta property=\"og:url\" content=\"https:\/\/biemar.be\/de\/?page_id=51631\" \/>\n<meta property=\"og:site_name\" content=\"Biemar Bois\" \/>\n<meta property=\"article:publisher\" content=\"https:\/\/www.facebook.com\/BiemarBois\" \/>\n<meta property=\"article:modified_time\" content=\"2025-05-14T14:05:30+00:00\" \/>\n<meta name=\"twitter:card\" content=\"summary_large_image\" \/>\n<meta name=\"twitter:label1\" content=\"Gesch\u00e4tzte Lesezeit\" \/>\n\t<meta name=\"twitter:data1\" content=\"4\u00a0Minute\" \/>\n<script type=\"application\/ld+json\" class=\"yoast-schema-graph\">{\"@context\":\"https:\\\/\\\/schema.org\",\"@graph\":[{\"@type\":\"WebPage\",\"@id\":\"https:\\\/\\\/biemar.be\\\/de\\\/?page_id=51631\",\"url\":\"https:\\\/\\\/biemar.be\\\/de\\\/?page_id=51631\",\"name\":\"Allgemeine Gesch\u00e4ftsbedingungen - Biemar Bois\",\"isPartOf\":{\"@id\":\"https:\\\/\\\/biemar.be\\\/#website\"},\"datePublished\":\"2024-01-15T14:03:55+00:00\",\"dateModified\":\"2025-05-14T14:05:30+00:00\",\"inLanguage\":\"de\",\"potentialAction\":[{\"@type\":\"ReadAction\",\"target\":[\"https:\\\/\\\/biemar.be\\\/de\\\/?page_id=51631\"]}]},{\"@type\":\"WebSite\",\"@id\":\"https:\\\/\\\/biemar.be\\\/#website\",\"url\":\"https:\\\/\\\/biemar.be\\\/\",\"name\":\"Biemar Bois\",\"description\":\"Des conseils particuli\u00e8rement pro\",\"publisher\":{\"@id\":\"https:\\\/\\\/biemar.be\\\/#organization\"},\"potentialAction\":[{\"@type\":\"SearchAction\",\"target\":{\"@type\":\"EntryPoint\",\"urlTemplate\":\"https:\\\/\\\/biemar.be\\\/?s={search_term_string}\"},\"query-input\":{\"@type\":\"PropertyValueSpecification\",\"valueRequired\":true,\"valueName\":\"search_term_string\"}}],\"inLanguage\":\"de\"},{\"@type\":\"Organization\",\"@id\":\"https:\\\/\\\/biemar.be\\\/#organization\",\"name\":\"Biemar Bois\",\"url\":\"https:\\\/\\\/biemar.be\\\/\",\"logo\":{\"@type\":\"ImageObject\",\"inLanguage\":\"de\",\"@id\":\"https:\\\/\\\/biemar.be\\\/#\\\/schema\\\/logo\\\/image\\\/\",\"url\":\"https:\\\/\\\/biemar.be\\\/wp-content\\\/uploads\\\/2024\\\/01\\\/cropped-fav.jpg\",\"contentUrl\":\"https:\\\/\\\/biemar.be\\\/wp-content\\\/uploads\\\/2024\\\/01\\\/cropped-fav.jpg\",\"width\":512,\"height\":512,\"caption\":\"Biemar Bois\"},\"image\":{\"@id\":\"https:\\\/\\\/biemar.be\\\/#\\\/schema\\\/logo\\\/image\\\/\"},\"sameAs\":[\"https:\\\/\\\/www.facebook.com\\\/BiemarBois\"]}]}<\/script>\n<!-- \/ Yoast SEO plugin. -->","yoast_head_json":{"title":"Allgemeine Gesch\u00e4ftsbedingungen - Biemar Bois","robots":{"index":"index","follow":"follow","max-snippet":"max-snippet:-1","max-image-preview":"max-image-preview:large","max-video-preview":"max-video-preview:-1"},"canonical":"https:\/\/biemar.be\/de\/?page_id=51631","og_locale":"de_DE","og_type":"article","og_title":"Allgemeine Gesch\u00e4ftsbedingungen - Biemar Bois","og_description":"## GRUNDLEGENDE SCHABLONE - ZUM BEARBEITEN ## Die vorliegenden Allgemeinen Gesch\u00e4ftsbedingungen f\u00fcr den Verkauf oder die Erbringung von Dienstleistungen gelten ohne Einschr\u00e4nkung oder Vorbehalt f\u00fcr alle Produkte und\/oder Dienstleistungen, die auf DroitBelge.Net (www.droitbelge.net) (nachstehend &#8222;die Website&#8220; genannt) zum Verkauf angeboten werden. Artikel 1 - Zweck Die Tatsache, dass eine nat\u00fcrliche oder juristische Person auf der [&hellip;]","og_url":"https:\/\/biemar.be\/de\/?page_id=51631","og_site_name":"Biemar Bois","article_publisher":"https:\/\/www.facebook.com\/BiemarBois","article_modified_time":"2025-05-14T14:05:30+00:00","twitter_card":"summary_large_image","twitter_misc":{"Gesch\u00e4tzte Lesezeit":"4\u00a0Minute"},"schema":{"@context":"https:\/\/schema.org","@graph":[{"@type":"WebPage","@id":"https:\/\/biemar.be\/de\/?page_id=51631","url":"https:\/\/biemar.be\/de\/?page_id=51631","name":"Allgemeine Gesch\u00e4ftsbedingungen - Biemar Bois","isPartOf":{"@id":"https:\/\/biemar.be\/#website"},"datePublished":"2024-01-15T14:03:55+00:00","dateModified":"2025-05-14T14:05:30+00:00","inLanguage":"de","potentialAction":[{"@type":"ReadAction","target":["https:\/\/biemar.be\/de\/?page_id=51631"]}]},{"@type":"WebSite","@id":"https:\/\/biemar.be\/#website","url":"https:\/\/biemar.be\/","name":"Biemar Bois","description":"Des conseils particuli\u00e8rement pro","publisher":{"@id":"https:\/\/biemar.be\/#organization"},"potentialAction":[{"@type":"SearchAction","target":{"@type":"EntryPoint","urlTemplate":"https:\/\/biemar.be\/?s={search_term_string}"},"query-input":{"@type":"PropertyValueSpecification","valueRequired":true,"valueName":"search_term_string"}}],"inLanguage":"de"},{"@type":"Organization","@id":"https:\/\/biemar.be\/#organization","name":"Biemar Bois","url":"https:\/\/biemar.be\/","logo":{"@type":"ImageObject","inLanguage":"de","@id":"https:\/\/biemar.be\/#\/schema\/logo\/image\/","url":"https:\/\/biemar.be\/wp-content\/uploads\/2024\/01\/cropped-fav.jpg","contentUrl":"https:\/\/biemar.be\/wp-content\/uploads\/2024\/01\/cropped-fav.jpg","width":512,"height":512,"caption":"Biemar Bois"},"image":{"@id":"https:\/\/biemar.be\/#\/schema\/logo\/image\/"},"sameAs":["https:\/\/www.facebook.com\/BiemarBois"]}]}},"_links":{"self":[{"href":"https:\/\/biemar.be\/de\/wp-json\/wp\/v2\/pages\/51631","targetHints":{"allow":["GET"]}}],"collection":[{"href":"https:\/\/biemar.be\/de\/wp-json\/wp\/v2\/pages"}],"about":[{"href":"https:\/\/biemar.be\/de\/wp-json\/wp\/v2\/types\/page"}],"author":[{"embeddable":true,"href":"https:\/\/biemar.be\/de\/wp-json\/wp\/v2\/users\/1"}],"replies":[{"embeddable":true,"href":"https:\/\/biemar.be\/de\/wp-json\/wp\/v2\/comments?post=51631"}],"version-history":[{"count":0,"href":"https:\/\/biemar.be\/de\/wp-json\/wp\/v2\/pages\/51631\/revisions"}],"wp:attachment":[{"href":"https:\/\/biemar.be\/de\/wp-json\/wp\/v2\/media?parent=51631"}],"curies":[{"name":"wp","href":"https:\/\/api.w.org\/{rel}","templated":true}]}}