{"id":51400,"date":"2025-03-10T16:37:42","date_gmt":"2025-03-10T15:37:42","guid":{"rendered":"https:\/\/biemar.be\/technische-datenblaetter-2\/"},"modified":"2026-03-24T09:42:06","modified_gmt":"2026-03-24T08:42:06","slug":"technische-datenblaetter-2","status":"publish","type":"page","link":"https:\/\/biemar.be\/de\/produkte\/eisenwaren\/technische-datenblaetter-2\/","title":{"rendered":"Technische Datenbl\u00e4tter"},"content":{"rendered":"","protected":false},"excerpt":{"rendered":"","protected":false},"author":5119,"featured_media":0,"parent":54808,"menu_order":0,"comment_status":"closed","ping_status":"closed","template":"content-page.php","meta":{"_acf_changed":false,"footnotes":""},"class_list":["post-51400","page","type-page","status-publish","hentry"],"acf":[],"yoast_head":"<!-- This site is optimized with the Yoast SEO plugin v27.4 - https:\/\/yoast.com\/product\/yoast-seo-wordpress\/ -->\n<title>Eisenwaren | Technische Datenbl\u00e4tter | Biemar Holz<\/title>\n<meta name=\"description\" content=\"Hier finden Sie die Datenbl\u00e4tter unserer Innent\u00fcrgriffe aus dem Lagerbestand.\" \/>\n<meta name=\"robots\" content=\"index, follow, max-snippet:-1, max-image-preview:large, max-video-preview:-1\" \/>\n<link rel=\"canonical\" href=\"https:\/\/biemar.be\/de\/produkte\/eisenwaren\/technische-datenblaetter-2\/\" \/>\n<meta property=\"og:locale\" content=\"de_DE\" \/>\n<meta property=\"og:type\" content=\"article\" \/>\n<meta property=\"og:title\" content=\"Eisenwaren | Technische Datenbl\u00e4tter | Biemar Holz\" \/>\n<meta property=\"og:description\" content=\"Hier finden Sie die Datenbl\u00e4tter unserer Innent\u00fcrgriffe aus dem Lagerbestand.\" \/>\n<meta property=\"og:url\" content=\"https:\/\/biemar.be\/de\/produkte\/eisenwaren\/technische-datenblaetter-2\/\" \/>\n<meta property=\"og:site_name\" content=\"Biemar Bois\" \/>\n<meta property=\"article:publisher\" content=\"https:\/\/www.facebook.com\/BiemarBois\" \/>\n<meta property=\"article:modified_time\" content=\"2026-03-24T08:42:06+00:00\" \/>\n<meta name=\"twitter:card\" content=\"summary_large_image\" \/>\n<script type=\"application\/ld+json\" class=\"yoast-schema-graph\">{\"@context\":\"https:\\\/\\\/schema.org\",\"@graph\":[{\"@type\":\"WebPage\",\"@id\":\"https:\\\/\\\/biemar.be\\\/de\\\/produkte\\\/eisenwaren\\\/technische-datenblaetter-2\\\/\",\"url\":\"https:\\\/\\\/biemar.be\\\/de\\\/produkte\\\/eisenwaren\\\/technische-datenblaetter-2\\\/\",\"name\":\"Eisenwaren | Technische Datenbl\u00e4tter | Biemar Holz\",\"isPartOf\":{\"@id\":\"https:\\\/\\\/biemar.be\\\/#website\"},\"datePublished\":\"2025-03-10T15:37:42+00:00\",\"dateModified\":\"2026-03-24T08:42:06+00:00\",\"description\":\"Hier finden Sie die Datenbl\u00e4tter unserer Innent\u00fcrgriffe aus dem Lagerbestand.\",\"breadcrumb\":{\"@id\":\"https:\\\/\\\/biemar.be\\\/de\\\/produkte\\\/eisenwaren\\\/technische-datenblaetter-2\\\/#breadcrumb\"},\"inLanguage\":\"de\",\"potentialAction\":[{\"@type\":\"ReadAction\",\"target\":[\"https:\\\/\\\/biemar.be\\\/de\\\/produkte\\\/eisenwaren\\\/technische-datenblaetter-2\\\/\"]}]},{\"@type\":\"BreadcrumbList\",\"@id\":\"https:\\\/\\\/biemar.be\\\/de\\\/produkte\\\/eisenwaren\\\/technische-datenblaetter-2\\\/#breadcrumb\",\"itemListElement\":[{\"@type\":\"ListItem\",\"position\":1,\"name\":\"Produkte\",\"item\":\"https:\\\/\\\/biemar.be\\\/de\\\/produkte\\\/\"},{\"@type\":\"ListItem\",\"position\":2,\"name\":\"Eisenwaren\",\"item\":\"https:\\\/\\\/biemar.be\\\/de\\\/produkte\\\/eisenwaren\\\/\"},{\"@type\":\"ListItem\",\"position\":3,\"name\":\"Technische Datenbl\u00e4tter\"}]},{\"@type\":\"WebSite\",\"@id\":\"https:\\\/\\\/biemar.be\\\/#website\",\"url\":\"https:\\\/\\\/biemar.be\\\/\",\"name\":\"Biemar Bois\",\"description\":\"Des conseils particuli\u00e8rement pro\",\"publisher\":{\"@id\":\"https:\\\/\\\/biemar.be\\\/#organization\"},\"potentialAction\":[{\"@type\":\"SearchAction\",\"target\":{\"@type\":\"EntryPoint\",\"urlTemplate\":\"https:\\\/\\\/biemar.be\\\/?s={search_term_string}\"},\"query-input\":{\"@type\":\"PropertyValueSpecification\",\"valueRequired\":true,\"valueName\":\"search_term_string\"}}],\"inLanguage\":\"de\"},{\"@type\":\"Organization\",\"@id\":\"https:\\\/\\\/biemar.be\\\/#organization\",\"name\":\"Biemar Bois\",\"url\":\"https:\\\/\\\/biemar.be\\\/\",\"logo\":{\"@type\":\"ImageObject\",\"inLanguage\":\"de\",\"@id\":\"https:\\\/\\\/biemar.be\\\/#\\\/schema\\\/logo\\\/image\\\/\",\"url\":\"https:\\\/\\\/biemar.be\\\/wp-content\\\/uploads\\\/2024\\\/01\\\/cropped-fav.jpg\",\"contentUrl\":\"https:\\\/\\\/biemar.be\\\/wp-content\\\/uploads\\\/2024\\\/01\\\/cropped-fav.jpg\",\"width\":512,\"height\":512,\"caption\":\"Biemar Bois\"},\"image\":{\"@id\":\"https:\\\/\\\/biemar.be\\\/#\\\/schema\\\/logo\\\/image\\\/\"},\"sameAs\":[\"https:\\\/\\\/www.facebook.com\\\/BiemarBois\"]}]}<\/script>\n<!-- \/ Yoast SEO plugin. -->","yoast_head_json":{"title":"Eisenwaren | Technische Datenbl\u00e4tter | Biemar Holz","description":"Hier finden Sie die Datenbl\u00e4tter unserer Innent\u00fcrgriffe aus dem Lagerbestand.","robots":{"index":"index","follow":"follow","max-snippet":"max-snippet:-1","max-image-preview":"max-image-preview:large","max-video-preview":"max-video-preview:-1"},"canonical":"https:\/\/biemar.be\/de\/produkte\/eisenwaren\/technische-datenblaetter-2\/","og_locale":"de_DE","og_type":"article","og_title":"Eisenwaren | Technische Datenbl\u00e4tter | Biemar Holz","og_description":"Hier finden Sie die Datenbl\u00e4tter unserer Innent\u00fcrgriffe aus dem Lagerbestand.","og_url":"https:\/\/biemar.be\/de\/produkte\/eisenwaren\/technische-datenblaetter-2\/","og_site_name":"Biemar Bois","article_publisher":"https:\/\/www.facebook.com\/BiemarBois","article_modified_time":"2026-03-24T08:42:06+00:00","twitter_card":"summary_large_image","schema":{"@context":"https:\/\/schema.org","@graph":[{"@type":"WebPage","@id":"https:\/\/biemar.be\/de\/produkte\/eisenwaren\/technische-datenblaetter-2\/","url":"https:\/\/biemar.be\/de\/produkte\/eisenwaren\/technische-datenblaetter-2\/","name":"Eisenwaren | Technische Datenbl\u00e4tter | Biemar Holz","isPartOf":{"@id":"https:\/\/biemar.be\/#website"},"datePublished":"2025-03-10T15:37:42+00:00","dateModified":"2026-03-24T08:42:06+00:00","description":"Hier finden Sie die Datenbl\u00e4tter unserer Innent\u00fcrgriffe aus dem Lagerbestand.","breadcrumb":{"@id":"https:\/\/biemar.be\/de\/produkte\/eisenwaren\/technische-datenblaetter-2\/#breadcrumb"},"inLanguage":"de","potentialAction":[{"@type":"ReadAction","target":["https:\/\/biemar.be\/de\/produkte\/eisenwaren\/technische-datenblaetter-2\/"]}]},{"@type":"BreadcrumbList","@id":"https:\/\/biemar.be\/de\/produkte\/eisenwaren\/technische-datenblaetter-2\/#breadcrumb","itemListElement":[{"@type":"ListItem","position":1,"name":"Produkte","item":"https:\/\/biemar.be\/de\/produkte\/"},{"@type":"ListItem","position":2,"name":"Eisenwaren","item":"https:\/\/biemar.be\/de\/produkte\/eisenwaren\/"},{"@type":"ListItem","position":3,"name":"Technische Datenbl\u00e4tter"}]},{"@type":"WebSite","@id":"https:\/\/biemar.be\/#website","url":"https:\/\/biemar.be\/","name":"Biemar Bois","description":"Des conseils particuli\u00e8rement pro","publisher":{"@id":"https:\/\/biemar.be\/#organization"},"potentialAction":[{"@type":"SearchAction","target":{"@type":"EntryPoint","urlTemplate":"https:\/\/biemar.be\/?s={search_term_string}"},"query-input":{"@type":"PropertyValueSpecification","valueRequired":true,"valueName":"search_term_string"}}],"inLanguage":"de"},{"@type":"Organization","@id":"https:\/\/biemar.be\/#organization","name":"Biemar Bois","url":"https:\/\/biemar.be\/","logo":{"@type":"ImageObject","inLanguage":"de","@id":"https:\/\/biemar.be\/#\/schema\/logo\/image\/","url":"https:\/\/biemar.be\/wp-content\/uploads\/2024\/01\/cropped-fav.jpg","contentUrl":"https:\/\/biemar.be\/wp-content\/uploads\/2024\/01\/cropped-fav.jpg","width":512,"height":512,"caption":"Biemar Bois"},"image":{"@id":"https:\/\/biemar.be\/#\/schema\/logo\/image\/"},"sameAs":["https:\/\/www.facebook.com\/BiemarBois"]}]}},"_links":{"self":[{"href":"https:\/\/biemar.be\/de\/wp-json\/wp\/v2\/pages\/51400","targetHints":{"allow":["GET"]}}],"collection":[{"href":"https:\/\/biemar.be\/de\/wp-json\/wp\/v2\/pages"}],"about":[{"href":"https:\/\/biemar.be\/de\/wp-json\/wp\/v2\/types\/page"}],"author":[{"embeddable":true,"href":"https:\/\/biemar.be\/de\/wp-json\/wp\/v2\/users\/5119"}],"replies":[{"embeddable":true,"href":"https:\/\/biemar.be\/de\/wp-json\/wp\/v2\/comments?post=51400"}],"version-history":[{"count":0,"href":"https:\/\/biemar.be\/de\/wp-json\/wp\/v2\/pages\/51400\/revisions"}],"up":[{"embeddable":true,"href":"https:\/\/biemar.be\/de\/wp-json\/wp\/v2\/pages\/54808"}],"wp:attachment":[{"href":"https:\/\/biemar.be\/de\/wp-json\/wp\/v2\/media?parent=51400"}],"curies":[{"name":"wp","href":"https:\/\/api.w.org\/{rel}","templated":true}]}}